{"id":82,"date":"2015-04-22T13:42:25","date_gmt":"2015-04-22T11:42:25","guid":{"rendered":"http:\/\/lekcije.mfp.co.rs\/?page_id=82"},"modified":"2015-08-27T09:11:05","modified_gmt":"2015-08-27T07:11:05","slug":"3-1-3-aplikativni-softver","status":"publish","type":"page","link":"https:\/\/lekcije.mfp.co.rs\/?page_id=82","title":{"rendered":"3.1.3. Aplikativni softver"},"content":{"rendered":"<p>Operativni sistem predstavlja softver za upravljanje samim ra\u010dunarom, programski jezici (programski softver) \u2013 pisanje programa za ra\u010dunar. Postoji i veliki broj programa koji inicijalno nisu deo operativnog sistema, ali se mogu podvesti pod sistemski softver, odnosno <b>pomo\u0107ne programe<\/b>.<\/p>\n<p><b>Aplikativni softver<\/b> predstavlja sve one programe koji ra\u010dunaru daju mogu\u0107nost primene u najrazli\u010ditijim oblastima, \u0161to je u stvari prava upotrebna vrednost ra\u010dunara za ve\u0107inu korisnika. Postoji vi\u0161e razli\u010ditih podela aplikativnog softvera &#8211; zavisno od toga kako klasifikujemo na\u010dine upotrebe ra\u010dunara. Jedna od najosnovnijih podela bi bila na softver koji se primenjuje u tehnici, poslovanju, obrazovanju i nauci, komunikaciji ili zabavi.<\/p>\n<h2>Kompjuterski in\u017einjering<span class=\"goTop\"><img decoding=\"async\" src=\"http:\/\/www.webnstudy.com\/graf\/glif-top.png\" alt=\"\" \/><\/span><\/h2>\n<p>Kompjuterski in\u017einjering obuhvata nekoliko oblasti, od kojih je verovatno najzna\u010dajnija <b>kompjutersko projektovanje<\/b> (<i>CAD \u2013 Computer Aided Design<\/i>). CAD se upotrebljava za industrijski dizajn, ma\u0161instvo, arhitekturu, gra\u0111evinarstvo. Ovi programi omogu\u0107avaju <b>kreiranje 2D tehni\u010dkih crte\u017ea<\/b> ili celih <b>trodimenzionalnih modela objekata<\/b>. Ovi modeli kasnije mogu biti osen\u010deni, tako da se dobije realisti\u010dan prikaz projektovanog objekta. Osim projektovanja, CAD softver omogu\u0107ava i <b>automatsko vo\u0111enje dokumentacije<\/b> o projektu. Sli\u010dan softver se koristi i za projektovanje elektronskih komponenata. Aplikacije za <b>kompjuterizovanu proizvodnju<\/b> (<i>CAM \u2013 Computer Aided Manufacture<\/i>) slu\u017ee za kontrolu ma\u0161ina i obi\u010dno su u uskoj vezi sa programima za projektovanje, po\u0161to mogu u\u010ditavati CAD modele objekata koje treba proizvesti. Neke od najpoznatijih aplikacija su <b>Creo<\/b> &#8211; nekada\u0161nji <b>Pro Engineer<\/b> (kompanija PTC), <b>Catia<\/b> (Dassault Systems) i stariji <b>AutoCAD<\/b> (Autodesk).<\/p>\n<figure>\n<div class=\"kont\"><img decoding=\"async\" src=\"http:\/\/www.webnstudy.com\/img\/soft-librecad.jpg\" alt=\"\" width=\"400\" \/><\/div><figcaption>Besplatna aplikacija za 2D ra\u010dunarsko projektovanje <b>LibreCAD 2.0.7<\/b> (<a href=\"http:\/\/librecad.org\/\">librecad.org<\/a>)<\/figcaption><\/figure>\n<h2>Priprema za \u0161tampu<span class=\"goTop\"><img decoding=\"async\" src=\"http:\/\/www.webnstudy.com\/graf\/glif-top.png\" alt=\"\" \/><\/span><\/h2>\n<p>Priprema za \u0161tampu, tzv. \u201estono izdava\u0161tvo\u201c (<i>DTP \u2013 desktop publishing<\/i>), je jo\u0161 jedna dobro poznata &#8222;tehni\u010dka&#8220; upotreba ra\u010dunara. Pomo\u0107u ovih programa, obi\u010dan tekst se mo\u017ee dovesti u formu za \u0161tampu i objavljivanje. Ove aplikacije pru\u017eaju daleko <b>ve\u0107e mogu\u0107nosti od programa za obradu teksta<\/b> na koje smo navikli (npr. sme\u0161tanje teksta u zakrivljene okvire, ve\u0107e mogu\u0107nosti preloma i kontrole nad krajnjim izgledom, rezultat prilago\u0111en \u0161tamparskim bojama i sl).<\/p>\n<figure>\n<div class=\"kont\"><img decoding=\"async\" src=\"http:\/\/www.webnstudy.com\/img\/soft-scribus.jpg\" alt=\"\" width=\"400\" \/><\/div><figcaption>Besplatna aplikacija za DTP <b>Scribus 1.4.4<\/b> (<a href=\"http:\/\/scribus.net\/\">scribus.net<\/a>)<\/figcaption><\/figure>\n<p>Ovi programi pru\u017eaju veliku kontrolu izgleda, ali sa druge strane, nisu prilago\u0111eni obimnijem unosu i izmenama teksta &#8211; za to se pre svega koristi aplikacija za obradu teksta, \u010diji se dokument zatim uvodi u DTP softver gde se nastavlja dalja obrada. U poznatije aplikacije spadaju <b>InDesign<\/b> (Adobe) i <b>QuarkXpress<\/b> (Quark).<\/p>\n<p><a href=\"http:\/\/lekcije.mfp.co.rs\/?page_id=144\">Slede\u0107a lekcija<\/a><\/p>\n","protected":false},"excerpt":{"rendered":"<p>Operativni sistem predstavlja softver za upravljanje samim ra\u010dunarom, programski jezici (programski softver) \u2013 pisanje programa za ra\u010dunar. Postoji i veliki broj programa koji inicijalno nisu deo operativnog sistema, ali se mogu podvesti pod sistemski softver, odnosno pomo\u0107ne programe. Aplikativni softver predstavlja sve one programe koji ra\u010dunaru daju mogu\u0107nost primene u najrazli\u010ditijim oblastima, \u0161to je u &hellip; <a href=\"https:\/\/lekcije.mfp.co.rs\/?page_id=82\" class=\"more-link\">\u041d\u0430\u0441\u0442\u0430\u0432\u0438\u0442\u0435 \u0441\u0430 \u0447\u0438\u0442\u0430\u045a\u0435\u043c <span class=\"screen-reader-text\">3.1.3. Aplikativni softver<\/span> <span class=\"meta-nav\">&rarr;<\/span><\/a><\/p>\n","protected":false},"author":1,"featured_media":0,"parent":139,"menu_order":0,"comment_status":"closed","ping_status":"closed","template":"","meta":{"footnotes":""},"_links":{"self":[{"href":"https:\/\/lekcije.mfp.co.rs\/index.php?rest_route=\/wp\/v2\/pages\/82"}],"collection":[{"href":"https:\/\/lekcije.mfp.co.rs\/index.php?rest_route=\/wp\/v2\/pages"}],"about":[{"href":"https:\/\/lekcije.mfp.co.rs\/index.php?rest_route=\/wp\/v2\/types\/page"}],"author":[{"embeddable":true,"href":"https:\/\/lekcije.mfp.co.rs\/index.php?rest_route=\/wp\/v2\/users\/1"}],"replies":[{"embeddable":true,"href":"https:\/\/lekcije.mfp.co.rs\/index.php?rest_route=%2Fwp%2Fv2%2Fcomments&post=82"}],"version-history":[{"count":3,"href":"https:\/\/lekcije.mfp.co.rs\/index.php?rest_route=\/wp\/v2\/pages\/82\/revisions"}],"predecessor-version":[{"id":339,"href":"https:\/\/lekcije.mfp.co.rs\/index.php?rest_route=\/wp\/v2\/pages\/82\/revisions\/339"}],"up":[{"embeddable":true,"href":"https:\/\/lekcije.mfp.co.rs\/index.php?rest_route=\/wp\/v2\/pages\/139"}],"wp:attachment":[{"href":"https:\/\/lekcije.mfp.co.rs\/index.php?rest_route=%2Fwp%2Fv2%2Fmedia&parent=82"}],"curies":[{"name":"wp","href":"https:\/\/api.w.org\/{rel}","templated":true}]}}