{"id":74,"date":"2015-04-22T13:38:13","date_gmt":"2015-04-22T11:38:13","guid":{"rendered":"http:\/\/lekcije.mfp.co.rs\/?page_id=74"},"modified":"2015-08-27T09:09:57","modified_gmt":"2015-08-27T07:09:57","slug":"3-1-2-operativni-sistemi-i-njihovi-tipovi","status":"publish","type":"page","link":"https:\/\/lekcije.mfp.co.rs\/?page_id=74","title":{"rendered":"3.1.2.Operativni sistemi i njihovi tipovi"},"content":{"rendered":"<p><b>Operativni sistem<\/b> predstavlja <b>paket sistemskih programa koji slu\u017ee za kontrolu hardvera, kontrolu softvera, kao i za povezivanje hardvera, softvera i korisnika<\/b>.<\/p>\n<p>Mo\u017ee se re\u0107i da operativni sistem predstavlja softver koji je potreban korisniku kako bi upravljao ra\u010dunarom, koristio ure\u0111aje spoljne memorije i pokretao ostale programe. Moderni operativni sistemi sastoje se iz nekoliko komponenti:<\/p>\n<ul>\n<li>jezgro,<\/li>\n<li>sistemske biblioteke,<\/li>\n<li>korisni\u010dki interfejs,<\/li>\n<li>mre\u017eni rad i serverski programi,<\/li>\n<li>pomo\u0107ni programi.<\/li>\n<\/ul>\n<h2>Tipovi operativnih sistema<span class=\"goTop\"><img decoding=\"async\" src=\"http:\/\/www.webnstudy.com\/graf\/glif-top.png\" alt=\"\" \/><\/span><\/h2>\n<p>Na osnovu ra\u010dunara koje kontroli\u0161u i zadataka koje obavljaju, operativne sisteme mo\u017eemo generalno podeliti na 4 grupe.<\/p>\n<p><b>Operativni sistemi u realnom vremenu<\/b> (<i>RTOS \u2013 Real-Time Operating Systems<\/i>) se obi\u010dno koriste za kontrolisanje ma\u0161ina, nau\u010dnih ure\u0111aja i industrijskih sistema (naj\u010de\u0161\u0107e ih danas koriste ra\u010dunari u automobilima, TV ili DVD ure\u0111ajima, roboti, svemirske letelice). Ovi sistemi su usko povezani sa ma\u0161inom, namenjeni strogo odre\u0111enom zadatku i poseduju veoma malo ili nimalo mogu\u0107nosti za komunikaciju sa krajnjim korisnikom. Glavna osobina ovih sistema je njihova mogu\u0107nost da veoma precizno odre\u0111uju redosled i trajanje operacija ure\u0111aja. Ove operacije ne bi smele da se odvijaju ni previ\u0161e brzo ni previ\u0161e sporo.<\/p>\n<p><b>Jednokorisni\u010dki jednoprocesni sistemi<\/b> (<i>Single-User Single-Task<\/i>) su operativni sistemi kod kojih jedan korisnik mo\u017ee koristiti ra\u010dunar, rade\u0107i u jednom programu u jednom trenutku. Primer ovakvog sistema bio bi stari MS-DOS operativni sistem, a u dana\u0161nje vreme Palm OS, operativni sistem za Palm ra\u010dunare.<\/p>\n<p><b>Jednokorisni\u010dki multitasking sistemi<\/b> (<i>Single-User Multi-Tasking<\/i>) su danas najkori\u0161\u0107eniji operativni sistemi na ku\u0107nim ra\u010dunarima. Njihova karakteristika je da pod njima u jednom trenutku mo\u017ee raditi jedan korisnik, ali sa vi\u0161e programa istovremeno. Najbolji primer ovakvog sistema je Microsoft Windows.<\/p>\n<p><b>Vi\u0161ekorisni\u010dki sistemi<\/b> (<i>Multi-User<\/i>) su operativni sistemi koji podr\u017eavaju rad vi\u0161e korisnika u isto vreme. Ovi sistemi svakom korisniku dodeljuju odre\u0111eni deo procesorskog vremena i ra\u010dunarskih resursa. Tipi\u010dan primer ovakvog sistema je UNIX. Ne treba me\u0161ati vi\u0161ekorisni\u010dke operativne sisteme sa serverima koji podr\u017eavaju vi\u0161e umre\u017eenih korisnika. Korisnici koji se svojim ra\u010dunarima povezuju na server (npr. Windows 2003) ne rade zaista na samom serverskom ra\u010dunaru, ve\u0107 server samo odgovara na njihove zahteve \u0161alju\u0107i im tra\u017eene podatke.<\/p>\n<p><a href=\"http:\/\/lekcije.mfp.co.rs\/?page_id=82\">Slede\u0107a lekcija<\/a><\/p>\n","protected":false},"excerpt":{"rendered":"<p>Operativni sistem predstavlja paket sistemskih programa koji slu\u017ee za kontrolu hardvera, kontrolu softvera, kao i za povezivanje hardvera, softvera i korisnika. Mo\u017ee se re\u0107i da operativni sistem predstavlja softver koji je potreban korisniku kako bi upravljao ra\u010dunarom, koristio ure\u0111aje spoljne memorije i pokretao ostale programe. Moderni operativni sistemi sastoje se iz nekoliko komponenti: jezgro, sistemske &hellip; <a href=\"https:\/\/lekcije.mfp.co.rs\/?page_id=74\" class=\"more-link\">\u041d\u0430\u0441\u0442\u0430\u0432\u0438\u0442\u0435 \u0441\u0430 \u0447\u0438\u0442\u0430\u045a\u0435\u043c <span class=\"screen-reader-text\">3.1.2.Operativni sistemi i njihovi tipovi<\/span> <span class=\"meta-nav\">&rarr;<\/span><\/a><\/p>\n","protected":false},"author":1,"featured_media":0,"parent":139,"menu_order":0,"comment_status":"closed","ping_status":"closed","template":"","meta":{"footnotes":""},"_links":{"self":[{"href":"https:\/\/lekcije.mfp.co.rs\/index.php?rest_route=\/wp\/v2\/pages\/74"}],"collection":[{"href":"https:\/\/lekcije.mfp.co.rs\/index.php?rest_route=\/wp\/v2\/pages"}],"about":[{"href":"https:\/\/lekcije.mfp.co.rs\/index.php?rest_route=\/wp\/v2\/types\/page"}],"author":[{"embeddable":true,"href":"https:\/\/lekcije.mfp.co.rs\/index.php?rest_route=\/wp\/v2\/users\/1"}],"replies":[{"embeddable":true,"href":"https:\/\/lekcije.mfp.co.rs\/index.php?rest_route=%2Fwp%2Fv2%2Fcomments&post=74"}],"version-history":[{"count":4,"href":"https:\/\/lekcije.mfp.co.rs\/index.php?rest_route=\/wp\/v2\/pages\/74\/revisions"}],"predecessor-version":[{"id":338,"href":"https:\/\/lekcije.mfp.co.rs\/index.php?rest_route=\/wp\/v2\/pages\/74\/revisions\/338"}],"up":[{"embeddable":true,"href":"https:\/\/lekcije.mfp.co.rs\/index.php?rest_route=\/wp\/v2\/pages\/139"}],"wp:attachment":[{"href":"https:\/\/lekcije.mfp.co.rs\/index.php?rest_route=%2Fwp%2Fv2%2Fmedia&parent=74"}],"curies":[{"name":"wp","href":"https:\/\/api.w.org\/{rel}","templated":true}]}}