{"id":70,"date":"2015-04-22T14:20:42","date_gmt":"2015-04-22T12:20:42","guid":{"rendered":"http:\/\/lekcije.mfp.co.rs\/?page_id=70"},"modified":"2015-08-27T09:34:40","modified_gmt":"2015-08-27T07:34:40","slug":"3-2-7-4-opticki-mediji-i-uredaji","status":"publish","type":"page","link":"https:\/\/lekcije.mfp.co.rs\/?page_id=70","title":{"rendered":"3.2.7.4.Opti\u010dki mediji i ure\u0111aji"},"content":{"rendered":"<p><b>OPTI\u010cKI DISK<\/b> mo\u017ee biti <b>CD<\/b> (<i>Compact Disc<\/i>) ili <b>DVD<\/b> (<i>Digital Versatile Disc<\/i>). Ove dve vrste diskova su naizgled iste, a razlika koja interesuje korisnike je u kapacitetu \u2013 na CD se mo\u017ee snimiti do 700MB, a na DVD do 4,7GB.<\/p>\n<p>Ve\u0107i kapacitet diska se posti\u017ee upotrebom preciznijeg lasera, koji emituje svetlost manje talasne du\u017eine. Precizniji laser omogu\u0107uje ve\u0107u gustinu zapisa, a samim tim i vi\u0161e podataka.<\/p>\n<figure>\n<div class=\"kont\"><img decoding=\"async\" src=\"http:\/\/www.webnstudy.com\/img\/hard-dvd.jpg\" alt=\"\" width=\"400\" \/><\/div><figcaption>Izgled DVD ure\u0111aja iznutra<\/figcaption><\/figure>\n<p>Diskovi mogu imati jedan ili dva sloja za zapis podataka, pa tako razlikujemo <b>SL<\/b> (<i>single layer<\/i>) i <b>DL<\/b> (<i>dual layer<\/i>) diskove. DL diskovi imaju dvostruko ve\u0107i kapacitet ali trenutno mnogo ve\u0107u cenu i primetno manju brzinu u odnosu na SL diskove kakvi se standardno koriste.<\/p>\n<p>Organizacija snimljenih podataka je malo druga\u010dija u odnosu na hard disk ili disketu. Umesto koncentri\u010dnih kru\u017enica, <b>podaci su snimljeni na jednoj duga\u010dkoj spirali<\/b> koja se kre\u0107e od centra prema ivici diska. Opti\u010dki disk tako\u0111e ima sektore, ali po\u0161to se oni nalaze na jednoj neprekidnoj spirali, uvek su iste veli\u010dine. To zna\u010di da CD\/DVD \u010dita\u010d mora menjati brzinu okretanja diska (br\u017ee kada se \u010ditaju podaci snimljeni blizu centra, a sporije kada se \u010ditaju podaci bli\u017ee ivici diska).<\/p>\n<p>Prema mogu\u0107nosti za snimanje i brisanje podataka diskovi se mogu podeliti na:<\/p>\n<ul>\n<li><b>CD\/DVD-ROM<\/b> diskove na koje su podaci fabri\u010dki urezani (\u201eod\u0161tampani\u201c) i mogu se samo \u010ditati;<\/li>\n<li><b>CD\/DVD-R<\/b> (<i>recordable \u2013 write once<\/i>), \u201ezapisive\u201c diskove koji su inicijalno prazni i na koje se pomo\u0107u snima\u010da podaci mogu snimiti i \u010dak dodavati dok se ne ispuni kapacitet diska, ali se kasnije ne mogu brisati ili menjati;<\/li>\n<li><b>CD\/DVD-RW<\/b> (<i>rewritable<\/i>), \u201eprepisive\u201c diskove na koje se podaci mogu snimati, a kasnije i obrisati, pri \u010demu se disk dovodi u po\u010detno stanje, pa se podaci mogu ponovo upisivati.<\/li>\n<\/ul>\n<p>Za DVD medije koje je mogu\u0107e snimati (<i>recordable i rewritable<\/i>) postoji nekoliko razli\u010ditih standarda \u2013 <b>DVD-RAM, DVD-R\/RW, DVD+R\/RW<\/b>. Dana\u0161nji ure\u0111aji uglavnom mogu da rade sa svim ovim formatima, s tim \u0161to je potrebno obratiti pa\u017enju koji tip medija najvi\u0161e odgovara DVD ure\u0111aju, odnosno sa kojim mo\u017ee raditi na najve\u0107oj brzini.<\/p>\n<p>Brzina rada sa diskom varira za razli\u010dite standarde i dodatno zavisi od toga da li je disk jednoslojan ili dvoslojan. Osim toga, brzine se razlikuju za \u010ditanje ili pisanje (pisanje i brisanje su uvek sporiji u odnosu na \u010ditanje).<\/p>\n<p>Nepotrebno je naglasiti da CD ure\u0111aji ne mogu \u010ditati DVD-ove, dok svi DVD ure\u0111aji mogu raditi i sa CD i DVD medijima.<\/p>\n<figure>\n<div class=\"kont\"><img decoding=\"async\" src=\"http:\/\/www.webnstudy.com\/img\/hard-dvd-how.jpg\" alt=\"\" width=\"600\" \/><\/div><figcaption>Laser poga\u0111a ispup\u010denje \u0161to opti\u010dki senzor tuma\u010di kao binarnu jedinicu.<br \/>\nZna\u010denje oznaka: <b>a<\/b> \u2013 natpis, <b>b<\/b> \u2013 akrilna masa, <b>c<\/b> \u2013 aluminijumski sloj, <b>d<\/b> \u2013 providna plastika<\/figcaption><\/figure>\n<p>Da bi se kreirao CD\/DVD-ROM disk, na providnu polikarbonatnu plastiku urezuje se spiralna traka sa udubljenjima (ispup\u010denjima sa strane lasera), koja se potom sa gornje strane presvla\u010di tankim slojem aluminijuma (zbog refleksije). Iznad aluminijumskog sloja nanosi se sloj akrilne mase, preko koga se nalazi sloj za natpis, odnosno \u0161tampu.<\/p>\n<p>Laser se fokusira na traku sa podacima i njegova svetlost se odbija od povr\u0161ine CD-a do opti\u010dkog senzora. Zavisno da li je laser \u201epogodio\u201c izbo\u010dinu ili udubljeni deo na CD-u, senzor \u0107e registrovati promenu u odbijenoj svetlosti i na taj na\u010din se izbo\u010dine i udubljenja tuma\u010de kao binarne jedinice i nule.[1]<\/p>\n<p>Ideja kod funkcionisanja zapisivih diskova (<i>recordable<\/i>) je u tome da se na reflektuju\u0107em sloju laserom za upisivanje vr\u0161i trajna promena (npr. zatamnjivanje) povr\u0161ine \u010dime ona vi\u0161e ne reflektuje laserski zrak za \u010ditanje i tuma\u010di se kao binarna nula. Kod prepisivih (rewritable) diskova reflektuju\u0107i sloj se kreira od posebne legure koja se laserom mo\u017ee dovesti u kristalizovano ili amorfno stanje. Delovi sloja koji su kristalizovani odbijaju laserski zrak, \u0161to predstavlja binarnu jedinicu, dok amorfni delovi ne reflektuju laserski zrak i samim tim predstavljaju binarnu nulu.<\/p>\n<p>Najnoviji format opti\u010dkih diskova, koji polako ulazi u sve \u0161iru upotrebu, je <b>BD<\/b> (Blu-Ray Disc), \u010dija je najve\u0107a primena trenutno u filmskoj industriji, za distribuciju filmova u visokoj rezoluciji, sa mno\u0161tvom dopunskih materijala i razli\u010ditim zvu\u010dnim sinhronizacijama. Na jedan BD mo\u017ee stati oko 25GB podataka, u njegovoj <b>SL<\/b> (<i>single layer<\/i>) varijanti.<\/p>\n<p><a href=\"http:\/\/lekcije.mfp.co.rs\/?page_id=141\">Slede\u0107a lekcija<\/a><\/p>\n","protected":false},"excerpt":{"rendered":"<p>OPTI\u010cKI DISK mo\u017ee biti CD (Compact Disc) ili DVD (Digital Versatile Disc). Ove dve vrste diskova su naizgled iste, a razlika koja interesuje korisnike je u kapacitetu \u2013 na CD se mo\u017ee snimiti do 700MB, a na DVD do 4,7GB. Ve\u0107i kapacitet diska se posti\u017ee upotrebom preciznijeg lasera, koji emituje svetlost manje talasne du\u017eine. Precizniji &hellip; <a href=\"https:\/\/lekcije.mfp.co.rs\/?page_id=70\" class=\"more-link\">\u041d\u0430\u0441\u0442\u0430\u0432\u0438\u0442\u0435 \u0441\u0430 \u0447\u0438\u0442\u0430\u045a\u0435\u043c <span class=\"screen-reader-text\">3.2.7.4.Opti\u010dki mediji i ure\u0111aji<\/span> <span class=\"meta-nav\">&rarr;<\/span><\/a><\/p>\n","protected":false},"author":1,"featured_media":0,"parent":62,"menu_order":0,"comment_status":"closed","ping_status":"closed","template":"","meta":{"footnotes":""},"_links":{"self":[{"href":"https:\/\/lekcije.mfp.co.rs\/index.php?rest_route=\/wp\/v2\/pages\/70"}],"collection":[{"href":"https:\/\/lekcije.mfp.co.rs\/index.php?rest_route=\/wp\/v2\/pages"}],"about":[{"href":"https:\/\/lekcije.mfp.co.rs\/index.php?rest_route=\/wp\/v2\/types\/page"}],"author":[{"embeddable":true,"href":"https:\/\/lekcije.mfp.co.rs\/index.php?rest_route=\/wp\/v2\/users\/1"}],"replies":[{"embeddable":true,"href":"https:\/\/lekcije.mfp.co.rs\/index.php?rest_route=%2Fwp%2Fv2%2Fcomments&post=70"}],"version-history":[{"count":3,"href":"https:\/\/lekcije.mfp.co.rs\/index.php?rest_route=\/wp\/v2\/pages\/70\/revisions"}],"predecessor-version":[{"id":361,"href":"https:\/\/lekcije.mfp.co.rs\/index.php?rest_route=\/wp\/v2\/pages\/70\/revisions\/361"}],"up":[{"embeddable":true,"href":"https:\/\/lekcije.mfp.co.rs\/index.php?rest_route=\/wp\/v2\/pages\/62"}],"wp:attachment":[{"href":"https:\/\/lekcije.mfp.co.rs\/index.php?rest_route=%2Fwp%2Fv2%2Fmedia&parent=70"}],"curies":[{"name":"wp","href":"https:\/\/api.w.org\/{rel}","templated":true}]}}