{"id":68,"date":"2015-04-22T13:21:27","date_gmt":"2015-04-22T11:21:27","guid":{"rendered":"http:\/\/lekcije.mfp.co.rs\/?page_id=68"},"modified":"2015-08-27T09:32:00","modified_gmt":"2015-08-27T07:32:00","slug":"3-2-7-2-spoljne-izmenljive-memorije","status":"publish","type":"page","link":"https:\/\/lekcije.mfp.co.rs\/?page_id=68","title":{"rendered":"3.2.7.2.Spoljne izmenljive memorije"},"content":{"rendered":"<p>Kod ove vrste spoljne memorije postoji ure\u0111aj koji je ugra\u0111en u ra\u010dunar ili se povezuje na njega, a koji ne sadr\u017ei sam medij na kome se podaci snimaju, ve\u0107 se mediji ubacuju u ure\u0111aj. Ovaj tip spoljne memorije koristi se prvenstveno za:<\/p>\n<ul>\n<li>prenos i<\/li>\n<li>\u010duvanje (backup) podataka.<\/li>\n<\/ul>\n<aside class=\"savet\">\n<h4>Sigurnost pre svega<\/h4>\n<p>Ra\u010dunar, kao i svaki drugi ure\u0111aj, mo\u017ee da prestane da radi. Razlozi su mnogobrojni \u2013 idu od fizi\u010dkih kvarova pa do virusa. Ovo je trenutak da se zapitamo \u0161ta nam je zaista va\u017eno na ra\u010dunaru. Svaka njegova komponenta mo\u017ee da se zameni. Softver mo\u017ee ponovo da se instalira. Sve to vredi ne\u0161to vremena i novca.<\/p>\n<p>Me\u0111utim, dokumente koje smo pisali danima, poslovne podatke koje smo prikupljali mesecima ili godinama, nije tako lako nadoknaditi. Iako postoji mogu\u0107nost da povratimo izgubljeno (vra\u0107anje podataka koji su obrisani ili vra\u0107anje sa pokvarenog hard diska), \u010darobna re\u010d koja donosi spas je bekap (backup), odnosno pravljenje sigurnosnih kopija s vremena na vreme \u2013 zavisno od toga koliko su nam va\u017eni podaci.<\/p>\n<\/aside>\n<p>DISKETA (floppy disc) je po svojim karakteristikama najsli\u010dnija hard disku. Unutar za\u0161titnog omota\u010da nalazi se tanki poliesterski (plasti\u010dni) disk, premazan fero-magnetnim slojem. Ovom plasti\u010dnom disku, disketa i duguje svoje ime \u2013 (engl. &#8222;floppy&#8220; \u2013 \u201esavitljivi\u201c) disk. Unutar disk jedinice, ovaj disk se okre\u0107e dok magnetna glava \u010dita i upisuje podatke. Organizacija diskete je sli\u010dna kao kod hard diska (cikli\u010dne trake i sektori), s tim \u0161to se disketa okre\u0107e mnogo sporije i magnetna glava dodiruje njenu povr\u0161inu.<\/p>\n<p>Diskete su se delile prema veli\u010dini na one od 8&#8243; (in\u010da), 5.25&#8243; i 3.5&#8243;. Starije diskete su bile upakovane unutar kartonskog omota\u010da i bile su osetljivije na o\u0161te\u0107enja u odnosu na kasnije proizvedene 3.5&#8243; diskete koje su se pravile u plasti\u010dnom omota\u010du.<\/p>\n<p>Zavisno od kvaliteta magnetne povr\u0161ine, diskete su se delile na jednostrane i dvostrane (SS \u2013 Single Sided i DS \u2013 Double Sided), kao i na diskete sa dvostrukom ili visokom gustinom zapisa (DD \u2013 Double Density i HD \u2013 High Density). Zavisno od kvaliteta, disketa je mogla da se formatira na ve\u0107i kapacitet. Poslednjih godina ova podela je postala izli\u0161na, po\u0161to su sve diskete bile pravljene kao DS\/HD.<\/p>\n<p>Kapacitet diskete je mnogo manji u odnosu na druge medije. Na jednu 3.5&#8243; DS\/HD disketu, formatiranu na PC ra\u010dunaru, mo\u017ee da se smesti 1,44MB podataka.<\/p>\n<figure>\n<div class=\"kont\"><img decoding=\"async\" src=\"http:\/\/www.webnstudy.com\/img\/hard-floppy.jpg\" alt=\"\" width=\"600\" \/><\/div><figcaption>Diskete od 5.25 i 3.5 in\u010da i \u201ezipeta\u201c<\/figcaption><\/figure>\n<p>Nesu\u0111eni naslednik diskete bila je tzv. \u201ezipeta\u201c. Ovo je unapre\u0111ena verzija diskete koja je imala kapacitet od 100MB ili, u novijoj verziji, \u010dak 250MB. Da bi se radilo sa ovim disketama, bio je potreban i poseban ure\u0111aj \u2013 ZIP drajv, koji je inicijalno proizvodila firma Iomega. ZIP diskete jesu u\u0161le u upotrebu, ali nikada nisu stekle \u0161iru popularnost zbog sve jeftinijih CD snima\u010da i diskova.<\/p>\n<p>MEMORIJSKA KARTICA predstavlja jo\u0161 jednu EEPROM memoriju, koja se ume\u0107e u poseban ure\u0111aj, \u010dita\u010d kartica, koji je povezan sa ra\u010dunarom.<\/p>\n<p>Kartice mogu biti razli\u010ditih formata, od kojih su najpoznatiji CF (CompactFlash), SD (Secure-Digital), MMC (MultiMediaCard), xD, Memory-Stick.<\/p>\n<figure>\n<div class=\"kont\"><img decoding=\"async\" src=\"http:\/\/www.webnstudy.com\/img\/hard-cards.jpg\" alt=\"\" width=\"400\" \/><\/div><figcaption>\u010cita\u010d i nekoliko tipova memorijskih kartica<\/figcaption><\/figure>\n<p>Najve\u0107u upotrebu ove kartice nemaju na ra\u010dunarima, ve\u0107 na drugim ure\u0111ajima kod kojih postoji potreba za ve\u0107om koli\u010dinom (izmenljive) memorije, kao \u0161to su digitalni fotoaparati ili mobilni telefoni. Na smartfonima i tabletima, kao i na nekim drugim portabilnim ra\u010dunarima (npr. Raspberry PI) kartice su prakti\u010dno ono \u0161to je hard disk u desktop ra\u010dunaru.<\/p>\n<p><a href=\"http:\/\/lekcije.mfp.co.rs\/?page_id=66\">Slede\u0107a lekcija<\/a><\/p>\n","protected":false},"excerpt":{"rendered":"<p>Kod ove vrste spoljne memorije postoji ure\u0111aj koji je ugra\u0111en u ra\u010dunar ili se povezuje na njega, a koji ne sadr\u017ei sam medij na kome se podaci snimaju, ve\u0107 se mediji ubacuju u ure\u0111aj. Ovaj tip spoljne memorije koristi se prvenstveno za: prenos i \u010duvanje (backup) podataka. Sigurnost pre svega Ra\u010dunar, kao i svaki drugi &hellip; <a href=\"https:\/\/lekcije.mfp.co.rs\/?page_id=68\" class=\"more-link\">\u041d\u0430\u0441\u0442\u0430\u0432\u0438\u0442\u0435 \u0441\u0430 \u0447\u0438\u0442\u0430\u045a\u0435\u043c <span class=\"screen-reader-text\">3.2.7.2.Spoljne izmenljive memorije<\/span> <span class=\"meta-nav\">&rarr;<\/span><\/a><\/p>\n","protected":false},"author":1,"featured_media":0,"parent":62,"menu_order":0,"comment_status":"closed","ping_status":"closed","template":"","meta":{"footnotes":""},"_links":{"self":[{"href":"https:\/\/lekcije.mfp.co.rs\/index.php?rest_route=\/wp\/v2\/pages\/68"}],"collection":[{"href":"https:\/\/lekcije.mfp.co.rs\/index.php?rest_route=\/wp\/v2\/pages"}],"about":[{"href":"https:\/\/lekcije.mfp.co.rs\/index.php?rest_route=\/wp\/v2\/types\/page"}],"author":[{"embeddable":true,"href":"https:\/\/lekcije.mfp.co.rs\/index.php?rest_route=\/wp\/v2\/users\/1"}],"replies":[{"embeddable":true,"href":"https:\/\/lekcije.mfp.co.rs\/index.php?rest_route=%2Fwp%2Fv2%2Fcomments&post=68"}],"version-history":[{"count":6,"href":"https:\/\/lekcije.mfp.co.rs\/index.php?rest_route=\/wp\/v2\/pages\/68\/revisions"}],"predecessor-version":[{"id":359,"href":"https:\/\/lekcije.mfp.co.rs\/index.php?rest_route=\/wp\/v2\/pages\/68\/revisions\/359"}],"up":[{"embeddable":true,"href":"https:\/\/lekcije.mfp.co.rs\/index.php?rest_route=\/wp\/v2\/pages\/62"}],"wp:attachment":[{"href":"https:\/\/lekcije.mfp.co.rs\/index.php?rest_route=%2Fwp%2Fv2%2Fmedia&parent=68"}],"curies":[{"name":"wp","href":"https:\/\/api.w.org\/{rel}","templated":true}]}}