{"id":64,"date":"2015-04-22T13:21:37","date_gmt":"2015-04-22T11:21:37","guid":{"rendered":"http:\/\/lekcije.mfp.co.rs\/?page_id=64"},"modified":"2015-08-27T09:30:34","modified_gmt":"2015-08-27T07:30:34","slug":"3-2-7-1-memorija-sa-nepromenljivim-medijem","status":"publish","type":"page","link":"https:\/\/lekcije.mfp.co.rs\/?page_id=64","title":{"rendered":"3.2.7.1.Memorija sa nepromenljivim medijem"},"content":{"rendered":"<p>Ova vrsta spoljne memorije se sastoji iz ure\u0111aja u koji je ugra\u0111ena i sama memorija. Ovi ure\u0111aji mogu biti ugra\u0111eni u ra\u010dunar ili se povezivati na njega. Primarni ure\u0111aj ovog tipa je hard disk, a osim njega u ovu vrstu memorije spada i USB flash memorija.<\/p>\n<p><b>USB FLASH MEMORIJA<\/b> predstavlja ure\u0111aj, obi\u010dno malih dimenzija, koji se sastoji iz USB priklju\u010dka, kontrolera i EEPROM memorije.<\/p>\n<p>Karakteristika ove memorije jeste da podaci snimljeni u njoj ostaju sa\u010duvani \u010dak i kada prestane elektri\u010dno napajanje. To se posti\u017ee posebnom organizacijom memorije koja se sastoji iz velikog broja \u0107elija, od kojih se svaka sastoji iz dva tranzistora (\u201ekontrolni\u201c i \u201eplivaju\u0107i\u201c tranzistor, razdvojeni tankim slojem metalnog oksida). Svaka \u0107elija sadr\u017ei 1 bit (binarna jedinica ili nula).<\/p>\n<figure>\n<div class=\"kont\"><img decoding=\"async\" src=\"http:\/\/www.webnstudy.com\/img\/hard-usb.jpg\" alt=\"\" width=\"400\" \/><\/div><figcaption>USB flash memorija<\/figcaption><\/figure>\n<p>Danas, kapaciteti ovih ure\u0111aja iznose i do nekoliko desetina gigabajta. Osim kapaciteta, bitna karakteristika je i brzina, koja zavisi od USB interfejsa (sporiji USB 1.1 ili br\u017ei USB 2.0 i 3.0) i kvaliteta. Kvalitetniji (i skuplji) ure\u0111aji \u0107e biti br\u017ei. Razlikujemo brzine pri \u010ditanju i pisanju, a performanse ure\u0111aja se najbolje proveravaju snimanjem velikog broja malih fajlova.<\/p>\n<p>Ova vrsta memorije postoji i u varijanti sa ugra\u0111enim MP3 plejerom (ta\u010dnije, MP3 plejeri se mogu povezati sa ra\u010dunarom putem USB-a i iskoristiti za prenos bilo kakvih podataka). Popularnost MP3 ure\u0111aja opada sa sve ve\u0107im brojem mobilnih telefona koji tako\u0111e imaju ovu mogu\u0107nost.<\/p>\n<p><a href=\"http:\/\/lekcije.mfp.co.rs\/?page_id=68\">Slede\u0107a lekcija<\/a><\/p>\n","protected":false},"excerpt":{"rendered":"<p>Ova vrsta spoljne memorije se sastoji iz ure\u0111aja u koji je ugra\u0111ena i sama memorija. Ovi ure\u0111aji mogu biti ugra\u0111eni u ra\u010dunar ili se povezivati na njega. Primarni ure\u0111aj ovog tipa je hard disk, a osim njega u ovu vrstu memorije spada i USB flash memorija. USB FLASH MEMORIJA predstavlja ure\u0111aj, obi\u010dno malih dimenzija, koji &hellip; <a href=\"https:\/\/lekcije.mfp.co.rs\/?page_id=64\" class=\"more-link\">\u041d\u0430\u0441\u0442\u0430\u0432\u0438\u0442\u0435 \u0441\u0430 \u0447\u0438\u0442\u0430\u045a\u0435\u043c <span class=\"screen-reader-text\">3.2.7.1.Memorija sa nepromenljivim medijem<\/span> <span class=\"meta-nav\">&rarr;<\/span><\/a><\/p>\n","protected":false},"author":1,"featured_media":0,"parent":62,"menu_order":0,"comment_status":"closed","ping_status":"closed","template":"","meta":{"footnotes":""},"_links":{"self":[{"href":"https:\/\/lekcije.mfp.co.rs\/index.php?rest_route=\/wp\/v2\/pages\/64"}],"collection":[{"href":"https:\/\/lekcije.mfp.co.rs\/index.php?rest_route=\/wp\/v2\/pages"}],"about":[{"href":"https:\/\/lekcije.mfp.co.rs\/index.php?rest_route=\/wp\/v2\/types\/page"}],"author":[{"embeddable":true,"href":"https:\/\/lekcije.mfp.co.rs\/index.php?rest_route=\/wp\/v2\/users\/1"}],"replies":[{"embeddable":true,"href":"https:\/\/lekcije.mfp.co.rs\/index.php?rest_route=%2Fwp%2Fv2%2Fcomments&post=64"}],"version-history":[{"count":5,"href":"https:\/\/lekcije.mfp.co.rs\/index.php?rest_route=\/wp\/v2\/pages\/64\/revisions"}],"predecessor-version":[{"id":356,"href":"https:\/\/lekcije.mfp.co.rs\/index.php?rest_route=\/wp\/v2\/pages\/64\/revisions\/356"}],"up":[{"embeddable":true,"href":"https:\/\/lekcije.mfp.co.rs\/index.php?rest_route=\/wp\/v2\/pages\/62"}],"wp:attachment":[{"href":"https:\/\/lekcije.mfp.co.rs\/index.php?rest_route=%2Fwp%2Fv2%2Fmedia&parent=64"}],"curies":[{"name":"wp","href":"https:\/\/api.w.org\/{rel}","templated":true}]}}