{"id":58,"date":"2015-04-22T13:21:21","date_gmt":"2015-04-22T11:21:21","guid":{"rendered":"http:\/\/lekcije.mfp.co.rs\/?page_id=58"},"modified":"2015-08-28T08:39:25","modified_gmt":"2015-08-28T06:39:25","slug":"3-2-2-2-tipovi-izlaznih-uredaja-za-prikaz-na-papiru","status":"publish","type":"page","link":"https:\/\/lekcije.mfp.co.rs\/?page_id=58","title":{"rendered":"3.2.2.2.Tipovi izlaznih ure\u0111aja za prikaz na papiru"},"content":{"rendered":"<p><b>\u0160TAMPA\u010c<\/b> je ure\u0111aj za izlaz na papiru.<\/p>\n<p>Prema tehnologiji kreiranja otiska na papiru, \u0161tampa\u010de mo\u017eemo podeliti na \u0161tampa\u010de sa lepezom, matri\u010dne, laserske, ink-d\u017eet i LED \u0161tampa\u010de.<\/p>\n<p><b>\u0160tampa\u010di sa lepezom<\/b> podse\u0107aju izgledom na pisa\u0107u ma\u0161inu. Prilago\u0111eni su \u0161tampanju teksta i danas se vi\u0161e ne koriste.<\/p>\n<p><b>Matri\u010dni \u0161tampa\u010di<\/b> imaju glavu sa iglicama (prema broju iglica dele se na 9-pinske i 24-pinske) koja preko trake sa bojom ostavlja otisak na papiru. Ovi \u0161tampa\u010di su spori i bu\u010dni. Sa padom cena naprednijih \u0161tampa\u010da, prestaju da se upotrebljavaju<\/p>\n<p>Ovi \u0161tampa\u010di koriste mastiljavu traku za \u0161tampu na papiru.<\/p>\n<p><b>Laserski \u0161tampa\u010di<\/b> <span style=\"color: #000080;\">koriste boju u prahu \u2013 toner<\/span> (tehnologija koju koriste i fotokopir ma\u0161ine). Laser se koristi da naelektri\u0161e valjak na koji se nanosi boja, koja se onda prenosi na papir.<\/p>\n<p>Ovi \u0161tampa\u010di su skuplji od ostalih ali su tihi i veoma brzi. Iako se uglavnom koriste u crno-beloj varijanti, postoje i laserski \u0161tampa\u010di u boji, koji, umesto jednog, koriste \u010dak 4 tonera sa bojom, na \u0161ta treba posebno obratiti pa\u017enju jer jedna od zna\u010dajnih komponenata cene upravo je i cena tonera koja nije zanemarljiva. <b>LED \u0161tampa\u010di<\/b> su sli\u010dni laserskim, s tim \u0161to umesto lasera koriste red svetlosnih dioda, zahvaljuju\u0107i \u010demu su manji i jeftiniji.<\/p>\n<figure>\n<div class=\"kont\"><img decoding=\"async\" src=\"http:\/\/www.webnstudy.com\/img\/hard-printer.jpg\" alt=\"\" width=\"400\" \/><\/div><figcaption>Laserski \u0161tampa\u010d<\/figcaption><\/figure>\n<p><b>Ink-d\u017eet<\/b> (<i>ink-jet<\/i>) \u0161tampa\u010di<span style=\"color: #000080;\"> koriste glavu na kojoj se nalaze veoma precizne dizne kojima se boja prska na papir<\/span>. Boja je u te\u010dnom stanju i nalazi se u zatvorenim kanticama &#8211; kertrid\u017eima. Kapljice boje koje ostaju na papiru su toliko sitne da se mere pikolitrima. Ovi \u0161tampa\u010di su jeftini, ali je mastilo &#8211; boja skupa, ali je \u0161tampa u boji velikog kvaliteta. Tihi su ali generalno sporiji od laserskih.<\/p>\n<p><span style=\"color: #000080;\">Glavne karakteristike \u0161tampa\u010da su njegova<\/span> <b>rezolucija<\/b> (iskazuje se u <b>DPI<\/b>) i <b>brzina<\/b> koja se iskazuje kao <b>broj stranica u minuti<\/b> (<i>PPM \u2013 Pages Per Minute<\/i>). Laserski \u0161tampa\u010di su po ovim osobinama obi\u010dno bolji od drugih. Ostala pitanja koja interesuju korisnike jesu mogu\u0107nost \u0161tampe u boji, maksimalan format papira na kome se mo\u017ee \u0161tampati, mogu\u0107nost automatske dvostrane \u0161tampe, buka i mogu\u0107nost \u0161tampe na drugim medijima (na printabilnim CD-ovima, na paus papiru, itd).<\/p>\n<p><b>PLOTER<\/b> je ure\u0111aj za vektorsko crtanje. Sastoji se iz pera sa bojom koje se pomera preko papira i na taj na\u010din kreira crte\u017e. Ploteri nisu namenjeni \u0161tampanju slika, ali zato mogu kreirati tehni\u010dke crte\u017ee i planove. Termin \u201eploter\u201c se danas koristi i za \u0161tampa\u010de velikih formata.<\/p>\n<p><a href=\"http:\/\/lekcije.mfp.co.rs\/?page_id=60\">Slede\u0107a lekcija<\/a><\/p>\n","protected":false},"excerpt":{"rendered":"<p>\u0160TAMPA\u010c je ure\u0111aj za izlaz na papiru. Prema tehnologiji kreiranja otiska na papiru, \u0161tampa\u010de mo\u017eemo podeliti na \u0161tampa\u010de sa lepezom, matri\u010dne, laserske, ink-d\u017eet i LED \u0161tampa\u010de. \u0160tampa\u010di sa lepezom podse\u0107aju izgledom na pisa\u0107u ma\u0161inu. Prilago\u0111eni su \u0161tampanju teksta i danas se vi\u0161e ne koriste. Matri\u010dni \u0161tampa\u010di imaju glavu sa iglicama (prema broju iglica dele se &hellip; <a href=\"https:\/\/lekcije.mfp.co.rs\/?page_id=58\" class=\"more-link\">\u041d\u0430\u0441\u0442\u0430\u0432\u0438\u0442\u0435 \u0441\u0430 \u0447\u0438\u0442\u0430\u045a\u0435\u043c <span class=\"screen-reader-text\">3.2.2.2.Tipovi izlaznih ure\u0111aja za prikaz na papiru<\/span> <span class=\"meta-nav\">&rarr;<\/span><\/a><\/p>\n","protected":false},"author":1,"featured_media":0,"parent":54,"menu_order":0,"comment_status":"closed","ping_status":"closed","template":"","meta":{"footnotes":""},"_links":{"self":[{"href":"https:\/\/lekcije.mfp.co.rs\/index.php?rest_route=\/wp\/v2\/pages\/58"}],"collection":[{"href":"https:\/\/lekcije.mfp.co.rs\/index.php?rest_route=\/wp\/v2\/pages"}],"about":[{"href":"https:\/\/lekcije.mfp.co.rs\/index.php?rest_route=\/wp\/v2\/types\/page"}],"author":[{"embeddable":true,"href":"https:\/\/lekcije.mfp.co.rs\/index.php?rest_route=\/wp\/v2\/users\/1"}],"replies":[{"embeddable":true,"href":"https:\/\/lekcije.mfp.co.rs\/index.php?rest_route=%2Fwp%2Fv2%2Fcomments&post=58"}],"version-history":[{"count":6,"href":"https:\/\/lekcije.mfp.co.rs\/index.php?rest_route=\/wp\/v2\/pages\/58\/revisions"}],"predecessor-version":[{"id":381,"href":"https:\/\/lekcije.mfp.co.rs\/index.php?rest_route=\/wp\/v2\/pages\/58\/revisions\/381"}],"up":[{"embeddable":true,"href":"https:\/\/lekcije.mfp.co.rs\/index.php?rest_route=\/wp\/v2\/pages\/54"}],"wp:attachment":[{"href":"https:\/\/lekcije.mfp.co.rs\/index.php?rest_route=%2Fwp%2Fv2%2Fmedia&parent=58"}],"curies":[{"name":"wp","href":"https:\/\/api.w.org\/{rel}","templated":true}]}}