{"id":44,"date":"2015-04-22T13:57:19","date_gmt":"2015-04-22T11:57:19","guid":{"rendered":"http:\/\/lekcije.mfp.co.rs\/?page_id=44"},"modified":"2015-08-27T09:24:17","modified_gmt":"2015-08-27T07:24:17","slug":"3-2-5-1-ostale-memorije-stalne","status":"publish","type":"page","link":"https:\/\/lekcije.mfp.co.rs\/?page_id=44","title":{"rendered":"3.2.5.1.Ostale memorije &#8211; stalne"},"content":{"rendered":"<p>Osim RAM memorije, koja se bri\u0161e kada se napajanje prekine, postoji i stalna memorija, koja zadr\u017eava podatke. Ovu memoriju mo\u017eemo podeliti na:<\/p>\n<ul>\n<li>ROM (<i>Read-Only Memory<\/i>)<\/li>\n<li>PROM (<i>Programmable ROM<\/i>)<\/li>\n<li>EPROM (<i>Erasable PROM<\/i>)<\/li>\n<li>EEPROM (<i>Electronically Erasable PROM<\/i>)<\/li>\n<\/ul>\n<p><b>ROM<\/b> predstavlja memoriju \u010diji sadr\u017eaj je trajan i nepromenljiv. ROM se mo\u017ee samo \u010ditati, ne mo\u017ee menjati ni brisati. ROM sadr\u017ei najosnovnije programe i podatke neophodne za funkcionisanje ra\u010dunarskog sistema na najni\u017eem nivou. Drugim re\u010dima, pre nego \u0161to se bilo \u0161ta u\u010dita u memoriju na\u0161eg ku\u0107nog ra\u010dunara, programi iz ROM-a su aktivni i oni su ti koji u stvari \u010dine mogu\u0107im na\u0161 po\u010detak rada na ra\u010dunaru. Na PC ra\u010dunaru je ovaj osnovni sistemski softver poznat kao BIOS (Basic Input\/Output System).<\/p>\n<p><b>PROM<\/b> je tip ROM-a koji je inicijalno prazan, u koji se onda mogu upisati programi i podaci koji se vi\u0161e ne mogu menjati i PROM se nadalje pona\u0161a kao obi\u010dan ROM.<\/p>\n<p><b>EPROM<\/b> je vrsta ROM-a u koji se mogu upisati podaci koji onda ostaju trajno zapisani. Ipak, podaci se mogu i obrisati pomo\u0107u specijalnog postupka dr\u017eanjem u komori sa ultraljubi\u010dastom svetlo\u0161\u0107u.<\/p>\n<p><b>EEPROM<\/b> je unapre\u0111ena vrsta EPROM-a koja se mo\u017ee izbrisati i bez kori\u0161\u0107enja ultraljubi\u010daste svetlosti. Postoje razli\u010dite varijante ovog tipa memorije (npr. flash memorija), koje danas imaju primenu kao USB flash memorije, nova generacija hard diskova (SSD) i sl. U stvari, u dana\u0161nje vreme, \u010dak i u ra\u010dunarima, prava ROM memorija se jako retko koristi. Obi\u010dno se menja mnogo prakti\u010dnijom EEPROM memorijom, zahvaljuju\u0107i \u010demu korisnici imaju \u010dak i mogu\u0107nost zamene BIOS-a u svom ra\u010dunaru<\/p>\n<p><a href=\"http:\/\/lekcije.mfp.co.rs\/?page_id=36\">Slede\u0107a lekcija<\/a><\/p>\n","protected":false},"excerpt":{"rendered":"<p>Osim RAM memorije, koja se bri\u0161e kada se napajanje prekine, postoji i stalna memorija, koja zadr\u017eava podatke. Ovu memoriju mo\u017eemo podeliti na: ROM (Read-Only Memory) PROM (Programmable ROM) EPROM (Erasable PROM) EEPROM (Electronically Erasable PROM) ROM predstavlja memoriju \u010diji sadr\u017eaj je trajan i nepromenljiv. ROM se mo\u017ee samo \u010ditati, ne mo\u017ee menjati ni brisati. ROM &hellip; <a href=\"https:\/\/lekcije.mfp.co.rs\/?page_id=44\" class=\"more-link\">\u041d\u0430\u0441\u0442\u0430\u0432\u0438\u0442\u0435 \u0441\u0430 \u0447\u0438\u0442\u0430\u045a\u0435\u043c <span class=\"screen-reader-text\">3.2.5.1.Ostale memorije &#8211; stalne<\/span> <span class=\"meta-nav\">&rarr;<\/span><\/a><\/p>\n","protected":false},"author":1,"featured_media":0,"parent":42,"menu_order":0,"comment_status":"closed","ping_status":"closed","template":"","meta":{"footnotes":""},"_links":{"self":[{"href":"https:\/\/lekcije.mfp.co.rs\/index.php?rest_route=\/wp\/v2\/pages\/44"}],"collection":[{"href":"https:\/\/lekcije.mfp.co.rs\/index.php?rest_route=\/wp\/v2\/pages"}],"about":[{"href":"https:\/\/lekcije.mfp.co.rs\/index.php?rest_route=\/wp\/v2\/types\/page"}],"author":[{"embeddable":true,"href":"https:\/\/lekcije.mfp.co.rs\/index.php?rest_route=\/wp\/v2\/users\/1"}],"replies":[{"embeddable":true,"href":"https:\/\/lekcije.mfp.co.rs\/index.php?rest_route=%2Fwp%2Fv2%2Fcomments&post=44"}],"version-history":[{"count":3,"href":"https:\/\/lekcije.mfp.co.rs\/index.php?rest_route=\/wp\/v2\/pages\/44\/revisions"}],"predecessor-version":[{"id":352,"href":"https:\/\/lekcije.mfp.co.rs\/index.php?rest_route=\/wp\/v2\/pages\/44\/revisions\/352"}],"up":[{"embeddable":true,"href":"https:\/\/lekcije.mfp.co.rs\/index.php?rest_route=\/wp\/v2\/pages\/42"}],"wp:attachment":[{"href":"https:\/\/lekcije.mfp.co.rs\/index.php?rest_route=%2Fwp%2Fv2%2Fmedia&parent=44"}],"curies":[{"name":"wp","href":"https:\/\/api.w.org\/{rel}","templated":true}]}}