{"id":42,"date":"2015-04-22T13:21:32","date_gmt":"2015-04-22T11:21:32","guid":{"rendered":"http:\/\/lekcije.mfp.co.rs\/?page_id=42"},"modified":"2015-08-27T09:23:30","modified_gmt":"2015-08-27T07:23:30","slug":"3-2-5-radna-memorija","status":"publish","type":"page","link":"https:\/\/lekcije.mfp.co.rs\/?page_id=42","title":{"rendered":"3.2.5.Radna memorija"},"content":{"rendered":"<p><b>Unutra\u0161nja ili osnovna memorija predstavlja deo ra\u010dunara u kome su pohranjeni podaci i programi sa kojima procesor radi.<\/b><\/p>\n<p><b>RAM<\/b> (<i>Random Access Memory<\/i>), odnosno memorija slobodnog ili proizvoljnog pristupa dobila je naziv prema na\u010dinu na koji joj procesor pristupa \u2013 svakoj memorijskoj lokaciji se pristupa ravnopravno, za isto vreme. Da bi se neki program izvr\u0161io, mora se u\u010ditati u RAM. Danas je uobi\u010dajeno da se u RAM memoriju u\u010ditavaju i operativni sistem i aplikativni softver. Tu se uobi\u010dajeno nalaze i podaci sa kojima radimo na na\u0161em ra\u010dunaru (slike, tekstovi&#8230;).<\/p>\n<p>Fizi\u010dki, RAM memorija se sastoji iz velikog broja memorijskih \u0107elija od kojih svaka sadr\u017ei 1 bit informacije (da li je \u0107elija pod naponom ili ne). Svaka \u0107elija se sastoji od jednog kondenzatora i tranzistora. Kondenzator \u010duva podatak, dok tranzistor slu\u017ei kao prekida\u010d koji omogu\u0107uje da se sadr\u017eaj \u0107elije pro\u010dita ili izmeni. Kondenzator mo\u017ee da \u010duva podatak samo nekoliko milisekundi, pa zbog toga procesor i kontroler memorije moraju neprekidno da napajaju one \u0107elije koje sadr\u017ee podatke.<\/p>\n<figure>\n<div class=\"kont\"><img decoding=\"async\" src=\"http:\/\/www.webnstudy.com\/img\/pic-memorija.jpg\" alt=\"Memorijski moduli\" \/><\/div><figcaption>Memorijski moduli<\/figcaption><\/figure>\n<p>Posledica toga je da podaci u RAM memoriji ostaju zapisani samo dok postoji elektri\u010dno napajanje. Zbog toga se sve \u0161to radimo na ra\u010dunaru gubi pri nestanku struje ili isklju\u010divanju ukoliko nije bilo snimljeno. Kada se govori o koli\u010dini memorije u ra\u010dunaru, misli se na RAM memoriju. Njena najva\u017enija karakteristika jeste <b>kapacitet<\/b>, a na drugom mestu <b>brzina<\/b>.<\/p>\n<figure>\n<div class=\"kont\"><img decoding=\"async\" src=\"http:\/\/www.webnstudy.com\/img\/pic-memorija2.jpg\" alt=\"Povezivanje memorije na mati\u010dnu plo\u010du\" \/><\/div><figcaption>Povezivanje memorije na mati\u010dnu plo\u010du<\/figcaption><\/figure>\n<p>Ukupna brzina rada ra\u010dunara zavisi od koli\u010dine RAM memorije. Kapacitet memorije se izra\u017eava u <b>bajtovima<\/b> (odnosno kilobajtima, megabajtima, gigabajtima&#8230;). Vi\u0161e o jedinicama mere mo\u017eete pro\u010ditati u delu o <a href=\"http:\/\/www.webnstudy.com\/tema.php?id=podaci-u-memoriji-racunara\">predstavljanju podataka na ra\u010dunaru<\/a>.<\/p>\n<p>Ukoliko memorije nema dovoljno, operativni sistem mora koristiti tzv. <b>virtuelnu memoriju<\/b>, \u0161to zna\u010di da se podaci iz RAM-a stalno moraju snimati i u\u010ditavati sa medija spoljne memorije (ta\u010dnije <a href=\"http:\/\/www.webnstudy.com\/tema.php?id=hard-disk\">hard diska<\/a>), \u0161to znatno usporava rad ra\u010dunara. Ukoliko memorije ima dovoljno, tek tada se postavlja pitanje njene <b>brzine<\/b>, koja zavisi od radnog takta mati\u010dne plo\u010de. Iako je RAM memorija uvek sporija od procesora i ke\u0161a, ako mo\u017ee da radi na vi\u0161em radnom taktu, mo\u017ee da doprinese ukupnoj brzini sistema.<\/p>\n<p><a href=\"http:\/\/lekcije.mfp.co.rs\/?page_id=44\">Slede\u0107a lekcija<\/a><\/p>\n","protected":false},"excerpt":{"rendered":"<p>Unutra\u0161nja ili osnovna memorija predstavlja deo ra\u010dunara u kome su pohranjeni podaci i programi sa kojima procesor radi. RAM (Random Access Memory), odnosno memorija slobodnog ili proizvoljnog pristupa dobila je naziv prema na\u010dinu na koji joj procesor pristupa \u2013 svakoj memorijskoj lokaciji se pristupa ravnopravno, za isto vreme. Da bi se neki program izvr\u0161io, mora &hellip; <a href=\"https:\/\/lekcije.mfp.co.rs\/?page_id=42\" class=\"more-link\">\u041d\u0430\u0441\u0442\u0430\u0432\u0438\u0442\u0435 \u0441\u0430 \u0447\u0438\u0442\u0430\u045a\u0435\u043c <span class=\"screen-reader-text\">3.2.5.Radna memorija<\/span> <span class=\"meta-nav\">&rarr;<\/span><\/a><\/p>\n","protected":false},"author":1,"featured_media":0,"parent":144,"menu_order":0,"comment_status":"closed","ping_status":"closed","template":"","meta":{"footnotes":""},"_links":{"self":[{"href":"https:\/\/lekcije.mfp.co.rs\/index.php?rest_route=\/wp\/v2\/pages\/42"}],"collection":[{"href":"https:\/\/lekcije.mfp.co.rs\/index.php?rest_route=\/wp\/v2\/pages"}],"about":[{"href":"https:\/\/lekcije.mfp.co.rs\/index.php?rest_route=\/wp\/v2\/types\/page"}],"author":[{"embeddable":true,"href":"https:\/\/lekcije.mfp.co.rs\/index.php?rest_route=\/wp\/v2\/users\/1"}],"replies":[{"embeddable":true,"href":"https:\/\/lekcije.mfp.co.rs\/index.php?rest_route=%2Fwp%2Fv2%2Fcomments&post=42"}],"version-history":[{"count":4,"href":"https:\/\/lekcije.mfp.co.rs\/index.php?rest_route=\/wp\/v2\/pages\/42\/revisions"}],"predecessor-version":[{"id":351,"href":"https:\/\/lekcije.mfp.co.rs\/index.php?rest_route=\/wp\/v2\/pages\/42\/revisions\/351"}],"up":[{"embeddable":true,"href":"https:\/\/lekcije.mfp.co.rs\/index.php?rest_route=\/wp\/v2\/pages\/144"}],"wp:attachment":[{"href":"https:\/\/lekcije.mfp.co.rs\/index.php?rest_route=%2Fwp%2Fv2%2Fmedia&parent=42"}],"curies":[{"name":"wp","href":"https:\/\/api.w.org\/{rel}","templated":true}]}}