{"id":388,"date":"2015-09-15T09:56:01","date_gmt":"2015-09-15T07:56:01","guid":{"rendered":"http:\/\/lekcije.mfp.co.rs\/?page_id=388"},"modified":"2015-09-15T09:56:10","modified_gmt":"2015-09-15T07:56:10","slug":"prozor","status":"publish","type":"page","link":"https:\/\/lekcije.mfp.co.rs\/?page_id=388","title":{"rendered":"Prozor i datoteke"},"content":{"rendered":"<p>&nbsp;<\/p>\n<p>Kad se uklju\u0107i ra\u010dunar, prostor koji se prikazuje ispred nas zove se <strong>RADNI PROSTOR<\/strong>.<\/p>\n<p>Na radnom prostoru se nalazi pri dnu povr\u0161ina na kojoj se evidentiraju svi programi koje korisnik trenutno izvr\u0161ava. Ova povr\u0161ina se zove <strong>TASK BAR.<\/strong><\/p>\n<p>Ceo radni prostor je u stvari jedan prozor kroz koji korisnik gleda sadr\u017eaj.<\/p>\n<p>&nbsp;<\/p>\n<p>Pod pojmom \u201e<strong>prozor<\/strong>\u201c podrazumevamo jedan program ili korisni\u010dku aplikaciju u okviru koje obavljamo odre\u0111ene aktivnosti.<\/p>\n<p>Aktivnosti koje mo\u017eemo uraditi nad \u201eprozorima\u201c su:<\/p>\n<ul>\n<li>Otvaranje prozora<\/li>\n<li>Zatvaranje prozora<\/li>\n<li>Pomeranje prozora<\/li>\n<li>Pode\u0161avanje veli\u010dine prozora<\/li>\n<\/ul>\n<p>&nbsp;<\/p>\n<p>Postoji vi\u0161e vrsta prozora od kojih bi razlikovali <i><b>dijaloge<\/b><\/i> kao prozore koji ne mogu da menjaju svoju veli\u010dinu, i prozore koji mogu da menjaju svoju veli\u010dinu.<\/p>\n<p>Otvaranje prozora \u2013 odnosno programa mo\u017eemo uraditi na vi\u0161e na\u010dina:<\/p>\n<ul>\n<li>Izborom programa iz programske grupe<\/li>\n<li>Izborom programa sa radnog prostora<\/li>\n<li>Izborom datoteke u kojoj imamo podatke koja \u0107e da pozove program za rad sa tom datotekom<\/li>\n<\/ul>\n<p>Korisni\u010dki programi se nalaze u programskoj grupi \u201ePrograms\u201c (\u201eAplikacije\u201c).<\/p>\n<p>Klikom na START, a zatim na strelicu koja pokazuje na dole, otvara se spisak svih aplikacija koje su instalirane na va\u0161em ra\u010dunaru.<\/p>\n<p>U okviru aplikacija mo\u017eemo izabrati \u017eeljeni program. Ukoliko ne mo\u017eemo da prona\u0111emo \u017eeljeni program, kliknemo u polje pored lupe u gornjem desnom uglu, otkucamo\u00a0 deo naziva i poku\u0161amo da na\u0111emo \u017eeljeni program.<\/p>\n<p>Primer: U programskoj grupi\u00a0 Windows pribor izaberemo izaberemo program:<\/p>\n<ul>\n<li>Kalkulator \u2013 Digitron;<\/li>\n<li>Bele\u017enicu &#8211; Notepad<\/li>\n<li>Pisanku &#8211; Wordpad<\/li>\n<\/ul>\n<h2 class=\"western\">Elementi prozora<\/h2>\n<p>Elementi prozora su<\/p>\n<ul>\n<li>Okvir prozora \u2013 koji je mo\u017ee skupljati i \u0161iriti zavisno od vrste prozora<\/li>\n<li>Title bar (povr\u0161ina sa naslovom)<\/li>\n<li>Meni bar (povr\u0161ina sa naredbama)<\/li>\n<li>Tool bar (povr\u0161ina sa alatima \u2013 pre\u010dicama)<\/li>\n<li>Radna povr\u0161ina gde je prikazan sadr\u017eaj<\/li>\n<li>Status bar (<span lang=\"\">povr\u0161ina<\/span> gde \u010ditamo stanja pojedinih aktivnosti)<\/li>\n<\/ul>\n<p style=\"text-align: center;\"><a href=\"http:\/\/lekcije.mfp.co.rs\/wp-content\/uploads\/2015\/09\/elementi-prozora.png\"><img decoding=\"async\" loading=\"lazy\" class=\"alignnone wp-image-389\" src=\"http:\/\/lekcije.mfp.co.rs\/wp-content\/uploads\/2015\/09\/elementi-prozora-300x225.png\" alt=\"elementi prozora\" width=\"699\" height=\"524\" srcset=\"https:\/\/lekcije.mfp.co.rs\/wp-content\/uploads\/2015\/09\/elementi-prozora-300x225.png 300w, https:\/\/lekcije.mfp.co.rs\/wp-content\/uploads\/2015\/09\/elementi-prozora.png 800w\" sizes=\"(max-width: 699px) 100vw, 699px\" \/><\/a><\/p>\n<p>U okviru otvorenih prozora aplikacije mo\u017eemo raditi odgovaraju\u0107e aktivnosti, odnosno mo\u017eemo aplikaciji zadavati ore\u0111ene naredbe.<\/p>\n<p>Sve naredbe se nalaze u \u201e<i><b>meniju<\/b><\/i>\u201c svakog od prozora, a neke od naredbi su sakrivene u:<\/p>\n<ul>\n<li>Desnom kliku mi\u0161a nad odre\u0111enim delovima prozora, \u201eselektovanom \u2013 ozna\u010denom\u201c objektu<\/li>\n<li>Na sli\u010dicama koje se nalaze na \u201eTool-bar-u\u201c (povr\u0161ini sa pre\u010dicama)<\/li>\n<li>Dvostrukim klikom na pojedine oblasti prozora<\/li>\n<\/ul>\n<h2 class=\"western\">Otvaranje prozora<\/h2>\n<p lang=\"\">Pod pojmom otvaranje prozora podrazumevamo pokretanje \u017eeljene aplikacije. Otvaranje prozora mo\u017eemo uraditi na vi\u0161e na\u010dina<\/p>\n<p lang=\"\">&#8211; dvostrukim klikom na ikonu \u017eeljene aplikacije koja se nalazi na radnom prostoru (desktopu)<\/p>\n<p><span lang=\"\">&#8211; klikom na Start dugme a zatim tra\u017eenjem ikone \u017eeljene aplikacije u meniju, odnosno u programskoj grupi <\/span><span lang=\"\"><i>All programs. <\/i><\/span><span lang=\"\">Kad do\u0111emo mi\u0161em na \u017eeljenu aplikaciju ponovo je kliknemo.<\/span><\/p>\n<p><span lang=\"\">&#8211; desnim klikom mi\u0161a na \u017eeljenu ikonu, a zatim izborom naredbe <\/span><span lang=\"\"><i>open. <\/i><\/span><\/p>\n<p><span lang=\"\"><i>&#8211; <\/i><\/span><span lang=\"\">jednostrukim klikom na \u017eeljenu ikonu a zatim pritiskom tastera Enter na tastaturi.<\/span><\/p>\n<h2 class=\"western\">Zatvaranje prozora<\/h2>\n<p lang=\"\">Zatvaranje prozora predstavlja kraj rada sa \u017eeljenom aplikacijom. Zatvaranje prozora mo\u017eemo uraditi na vi\u0161e na\u010dina<\/p>\n<p lang=\"\">&#8211; klikom na X (close) dugme na naslovnoj liniji<\/p>\n<p lang=\"\">&#8211; dvostrukim klikom na kontrolno dugme<\/p>\n<p lang=\"\">&#8211; pritiskom tastera Alt + F4<\/p>\n<p lang=\"\">Prikom zatvaranja prozora, aplikacije, sama aplikacija nam mo\u017ee postaviti pitanje da li \u017eelimo da sa\u010duvamo podatke koje smo uneli u aplikaciju, te moramo pa\u017eljivo odgovarati na postavljena pitanja pre nego \u0161to odgovorimo na pitanje.<\/p>\n<h2 class=\"western\">Pomeranje prozora<\/h2>\n<p lang=\"\">Pomeranje prozora pomo\u0107u mi\u0161a se realizuje tako \u0161to se mi\u0161em uhvati linija sa naslovom a zatim se prozor pomera (vu\u010de) u \u017eeljenom pravcu.<\/p>\n<h2 class=\"western\">Promena veli\u010dine prozora<\/h2>\n<p lang=\"\">Promena veli\u010dine prozora se realizuje tako \u0161to se mi\u0161em uhvati okvirna linija ili \u0107o\u0161ak prozora (mesto spajanja dve okvirne linije) a zatim vu\u010de u \u017eeljenom pravcu. Indikacija da smo postavili mi\u0161a na pravu poziciju je promena oblika kursora mi\u0161a iz bele strelice u duplu strelicu.<\/p>\n<p lang=\"\">Napomena: prozor se ne mo\u017ee pomerati ukoliko je zauzeo maksimalnu vrednost.<\/p>\n<h3 class=\"western\">Promena veli\u010dine prozora u maksimalnu veli\u010dinu<\/h3>\n<p><span lang=\"\">Dugme Maximize \/ Restore koje se nalazi u desnom delu <\/span><span lang=\"\"><b>naslovne linije<\/b><\/span><span lang=\"\"> se klikne, a prozor \u0107e se pove\u0107ati u maksimalnu vrednost (zauzev\u0161i celu povr\u0161inu ekrana) odnosno vratiti se na normalnu vrednost, kada vidimo radnu povr\u0161inu (desktop).<\/span><\/p>\n<h3 class=\"western\">Promena veli\u010dine prozora u minimalnu veli\u010dinu<\/h3>\n<p><span lang=\"\">Dugme Minimize koje se nalazi u desnom delu <\/span><span lang=\"\"><b>naslovne linije<\/b><\/span><span lang=\"\"> se klikne, a prozor \u0107e se smanjiti u minimalnu veli\u010dinu. Prozor mo\u017eemo vratiti na prethodnu veli\u010dinu tako \u0161to se klikne na dugme na <\/span><span lang=\"\"><b>taskbar-u<\/b><\/span><span lang=\"\">, na kome je evidentirana aplikacija koju smo pokrenuli.<\/span><\/p>\n<p><span lang=\"\">Napomena: Prozori koji su tipa <\/span><span lang=\"\"><i><b>dijalog<\/b><\/i><\/span><span lang=\"\"> nemaju na sebi dugmad minimize, maximize-restore, te se njihova veli\u010dina ne mo\u017ee menjati po \u017eelji korisnika.<\/span><\/p>\n<h2 class=\"western\">Otvaranje vi\u0161e prozora i rad sa vi\u0161e prozora<\/h2>\n<p><span lang=\"\">Kliknemo na dugme <\/span><span lang=\"\"><i>Start<\/i><\/span><span lang=\"\">, zatim se pozicioniramo na <\/span><span lang=\"\"><i>All Programs,<\/i><\/span><span lang=\"\"> zatim na <\/span><span lang=\"\"><i>Accessories<\/i><\/span><i><b> <\/b><\/i><span lang=\"\">kliknemo na Notepad, a onda ponovimo tu operaciju i otvorimo WordPad.<\/span><\/p>\n<p><span lang=\"\">Na <\/span><span lang=\"\"><i>taskbar-u<\/i><\/span><span lang=\"\"> \u0107emo primetiti da su evidentirana oba prozora. Klikom na \u017eeljeno dugme na taskbar-u mo\u017eemo da pre\u0111emo iz jednog u drugi prozor. Prelaskom iz prozora u prozor, tj. iz aplikacije u aplikaciju prime\u0107ujemo da se naslovne linije boje razli\u010ditim bojama. Tu aplikaciju zovemo <\/span><span lang=\"\"><i>aktivna<\/i><\/span><span lang=\"\"> i njena naslovna linija je svetlije boje.<\/span><\/p>\n<p lang=\"\">Neke aplikacije se mogu otvoriti vi\u0161e puta, tako na primer mo\u017eemo vi\u0161e puta otvoriti Calculator.<\/p>\n<h2 style=\"text-align: center;\">Aktivnosti za ve\u017ebu<\/h2>\n<h4 style=\"text-align: center;\">Ve\u017eba 1<\/h4>\n<p lang=\"\">U programskoj grupi Windows pribor pokrenuti program Kalkulator<\/p>\n<p lang=\"\">Na <strong>Task-baru<\/strong> prona\u0107i dugme koje evidentira aktivnost aplikacije Kalkulator .<\/p>\n<p lang=\"\">Kori\u0161\u0107enjem dugmeta na <strong>Task-baru<\/strong> minimizirati i vratiti Kalkulator na prethodno stanje.<\/p>\n<p lang=\"\">Na <strong>Calculatoru<\/strong> prona\u0107i elemente prozora: <em>Title Bar, Meni Bar<\/em>. Na Title bar-u prona\u0107i elemente Kontrolno dugme, dugme za zatvaranje prozora.<\/p>\n<p lang=\"\">Otvoriti Meni View a zatim promeniti izgled Standard \/ Scientific i obrnuto<\/p>\n<p lang=\"\">Kori\u0161\u0107enjem mi\u0161a izra\u010dunati<\/p>\n<ul>\n<li>\n<p lang=\"\">15 + 21<\/p>\n<\/li>\n<li>\n<p lang=\"\">32 &#8211; 27<\/p>\n<\/li>\n<li>\n<p lang=\"\">8 * 7<\/p>\n<\/li>\n<li>\n<p lang=\"\">63 \/ 9<\/p>\n<\/li>\n<li>\n<p lang=\"\">49 SQRT<\/p>\n<\/li>\n<li>\n<p lang=\"\">0.01 1\/x<\/p>\n<\/li>\n<li>\n<p lang=\"\">20% od 120<\/p>\n<\/li>\n<li>\n<p lang=\"\">Uve\u0107ati 150 za 15%<\/p>\n<\/li>\n<li>\n<p lang=\"\">Umanjiti 150 za 15%<\/p>\n<\/li>\n<\/ul>\n<p lang=\"\">Pritisnuti taster Num Lock i probati prve \u010detiri operacije sa uklju\u010denim NumLock radom na tastaturi.<\/p>\n<h4 style=\"text-align: center;\">Ve\u017eba 2<\/h4>\n<p lang=\"\">U programskoj grupi Windows pribor prona\u0107i i otvoriti program Kalkulator i Bele\u017enicu. Pomerati program Kalkulator tako da bude na programu Bele\u017enica. Kliknuti na Bele\u017enicu. Aktivirati Kalkulator klikom na dugme na <strong>taskbaru<\/strong>. Aktivirati Bele\u017enicu klikom na njegovu radnu povr\u0161inu.<\/p>\n<p lang=\"\">Pomerati prozor Bele\u017enicu po radnoj povr\u0161ini tako da kad se otpusti na radnom prostoru da se prika\u017ee Kalkulator .<\/p>\n<p lang=\"\">Menjati veli\u010dinu prozora Bele\u017enicu kori\u0161\u0107enjem mi\u0161a, tako \u0161to se uhvati ivica prozora. Probati sa svakom ivicom, a zatim sa uglom prozora.<\/p>\n<p><span lang=\"\">U meniju Bele\u017enicu kliknuti na Ure\u017eivanje- Prona\u0111i.\u00a0 Prona\u0107i na njemu naslovnu liniju. Probati aktivnosti pomeranja novog prozora, promene vrednost na <\/span><span lang=\"\"><i>radio button <\/i><\/span><span lang=\"\"> &#8211; okrugle opcije i zapaziti kako samo jedna mo\u017ee da bude aktivna. Zatvoriti dialog Prona\u0111i.<\/span><\/p>\n<h4 style=\"text-align: center;\">Ve\u017eba 3.<\/h4>\n<p lang=\"\">Otvoriti dva puta Notepad, a zatim slo\u017eiti prozore, svaki na pola ekrana, kori\u0161\u0107enjem mi\u0161a<\/p>\n<p lang=\"\">Slo\u017eiti prozore na slede\u0107i na\u010din.<\/p>\n<ul>\n<li><span lang=\"\">desnim klikom na <\/span><span lang=\"\"><i>taskbar. <\/i><\/span><\/li>\n<li>\n<p lang=\"\">u padaju\u0107em meniju izabrati jednu od opcija (Cascate Windows, Tile Windows horizontal, Tile Windows Vertical)<\/p>\n<\/li>\n<\/ul>\n<h4 style=\"text-align: center;\">Ve\u017eba 4<\/h4>\n<p lang=\"\">Otvoriti vi\u0161e puta Notepad, najmanje 10 puta. Primetiti kako se dugmad na Taskbar-u grupi\u0161u.<\/p>\n<p lang=\"\">Kori\u0161\u0107enjem tastera Alt + Tab prelazizi iz prozora u prozor.<\/p>\n<p lang=\"\">kori\u0161\u0107enjem tastera Alt + F4 zatvarati aktivan prozor.<\/p>\n<h4 style=\"text-align: center;\">Ve\u017eba 5<\/h4>\n<p lang=\"\">Na radnom prostoru na\u0107i ikonu Recycle Bin (kanta za otpatke).<\/p>\n<p lang=\"\">Kliknuti jednom na ikonu. Ikona se ozna\u010di.<\/p>\n<p lang=\"\">Kliknuti na neku drugu ikonu. Prethodna Ikona nije ozna\u010dena, ve\u0107 je ozna\u010dena nova ikona.<\/p>\n<p lang=\"\">Uhvatiti Recycle Bin levim tasterom i preneti je na drugo mesto na radnom prostoru.<\/p>\n<p lang=\"\">Prime\u0107ujemo da je ikona ostala ozna\u0107ena po otpu\u0161tanju tastera.<\/p>\n<p lang=\"\">Kliknemo dva puta na Recycle Bin, otvorimo aplikaciju, a zatim je zatvorimo.<\/p>\n<p lang=\"\">Probamo ostale metode za otvaranje aplikacije.<\/p>\n<h4 style=\"text-align: center;\">Ve\u017eba 6<\/h4>\n<p lang=\"\">Ure\u0111ivanje radne povr\u0161ine.<\/p>\n<p lang=\"\">Desnim klikom na radnu povr\u0161inu izabrati Properties (osobina), a zatim u dijalogu menjati osobine radnog prostora. Menjati sliku pozadine, boje prozora, rezoluciju ekrana.<\/p>\n<p lang=\"\">Postavljati za\u0161titu ekrana.<\/p>\n<h4 style=\"text-align: center;\">Ve\u017eba 7<\/h4>\n<p lang=\"\">Isklju\u010divanje ra\u010dunara.<\/p>\n<p lang=\"\">Resetovanje ra\u010dunara.<\/p>\n<p lang=\"\">Restartovanje ra\u010dunara<\/p>\n<h4 style=\"text-align: center;\">Ve\u017eba 8<\/h4>\n<p lang=\"\">Pokretanje Task Manager programa.<\/p>\n<p lang=\"\">Izbacivanje &#8211; prekid rada programa koji je u radnoj listi.<\/p>\n<h4 style=\"text-align: center;\">Ve\u017eba 9<\/h4>\n<p lang=\"\">Pokretanje programa <strong>Bojanka<\/strong><\/p>\n<p lang=\"\">Kori\u0161\u0107enje osnovnih alatki sa paleti i izrada crte\u017ea<\/p>\n<p lang=\"\">Snimanje vi\u0161e crte\u017ea.<\/p>\n<p lang=\"\">Otvaranje postoje\u0107eg crte\u017ea.<\/p>\n<h2 style=\"text-align: center;\">Aktivnosti sa datotekama:<\/h2>\n<ul>\n<li>Otvoriti bojanku<\/li>\n<li>Prikazati rad sa elementima u bojanci<\/li>\n<li>Snimiti dokument<\/li>\n<li>Uraditi promene<\/li>\n<li>Snimiti promene<\/li>\n<li>Snimiti dokument kao drugi dokument<\/li>\n<\/ul>\n<ol>\n<li>Rad sa fasciklama<\/li>\n<li>Rad sa dokumentima iz explorera<\/li>\n<li>Uraditi Drag and Drop datoteke<\/li>\n<li>Selekcija vi\u0161e datoteka<\/li>\n<li>Deselekcija pojedine datoteke<\/li>\n<li>Kopiranje vi\u0161e datoteka<\/li>\n<li>Preme\u0161tanje vi\u0161e datoteka<\/li>\n<li>Brisanje vi\u0161e datoteka<\/li>\n<li>Izrada pre\u0107ice od datoteke<\/li>\n<li>Postavljanje pre\u0107ice na radni prostor<\/li>\n<li>Brisanje pre\u0107ice<\/li>\n<li>Pristup resursima u ra\u010dunarskoj mre\u017ei<\/li>\n<li>Deljenje resursa<\/li>\n<\/ol>\n<p>&nbsp;<\/p>\n","protected":false},"excerpt":{"rendered":"<p>&nbsp; Kad se uklju\u0107i ra\u010dunar, prostor koji se prikazuje ispred nas zove se RADNI PROSTOR. Na radnom prostoru se nalazi pri dnu povr\u0161ina na kojoj se evidentiraju svi programi koje korisnik trenutno izvr\u0161ava. Ova povr\u0161ina se zove TASK BAR. Ceo radni prostor je u stvari jedan prozor kroz koji korisnik gleda sadr\u017eaj. &nbsp; Pod pojmom &hellip; <a href=\"https:\/\/lekcije.mfp.co.rs\/?page_id=388\" class=\"more-link\">\u041d\u0430\u0441\u0442\u0430\u0432\u0438\u0442\u0435 \u0441\u0430 \u0447\u0438\u0442\u0430\u045a\u0435\u043c <span class=\"screen-reader-text\">Prozor i datoteke<\/span> <span class=\"meta-nav\">&rarr;<\/span><\/a><\/p>\n","protected":false},"author":1,"featured_media":0,"parent":0,"menu_order":0,"comment_status":"closed","ping_status":"closed","template":"","meta":{"footnotes":""},"_links":{"self":[{"href":"https:\/\/lekcije.mfp.co.rs\/index.php?rest_route=\/wp\/v2\/pages\/388"}],"collection":[{"href":"https:\/\/lekcije.mfp.co.rs\/index.php?rest_route=\/wp\/v2\/pages"}],"about":[{"href":"https:\/\/lekcije.mfp.co.rs\/index.php?rest_route=\/wp\/v2\/types\/page"}],"author":[{"embeddable":true,"href":"https:\/\/lekcije.mfp.co.rs\/index.php?rest_route=\/wp\/v2\/users\/1"}],"replies":[{"embeddable":true,"href":"https:\/\/lekcije.mfp.co.rs\/index.php?rest_route=%2Fwp%2Fv2%2Fcomments&post=388"}],"version-history":[{"count":2,"href":"https:\/\/lekcije.mfp.co.rs\/index.php?rest_route=\/wp\/v2\/pages\/388\/revisions"}],"predecessor-version":[{"id":392,"href":"https:\/\/lekcije.mfp.co.rs\/index.php?rest_route=\/wp\/v2\/pages\/388\/revisions\/392"}],"wp:attachment":[{"href":"https:\/\/lekcije.mfp.co.rs\/index.php?rest_route=%2Fwp%2Fv2%2Fmedia&parent=388"}],"curies":[{"name":"wp","href":"https:\/\/api.w.org\/{rel}","templated":true}]}}