{"id":36,"date":"2015-04-22T13:21:40","date_gmt":"2015-04-22T11:21:40","guid":{"rendered":"http:\/\/lekcije.mfp.co.rs\/?page_id=36"},"modified":"2015-08-27T09:25:08","modified_gmt":"2015-08-27T07:25:08","slug":"3-2-6-maticna-ploca","status":"publish","type":"page","link":"https:\/\/lekcije.mfp.co.rs\/?page_id=36","title":{"rendered":"3.2.6.Mati\u010dna plo\u010da"},"content":{"rendered":"<p>Mati\u010dna plo\u010da je osnovni deo ra\u010dunara. Ona <b>povezuje procesor, memoriju i ulazno-izlazne ure\u0111aje<\/b>. Ona sadr\u017ei i ROM memoriju, u kojoj se kod PC ra\u010dunara nalazi <b>BIOS<\/b> (osnovni programi za rad ra\u010dunara), kao i <b>upravlja\u010dke \u010dipove<\/b> (tzv. kontrolere) koji upravljaju radom periferijskih ure\u0111aja (npr. hard diska, CD-ROM-a&#8230;). Mati\u010dna plo\u010da tako\u0111e <b>povezuje ra\u010dunarski sistem sa elektri\u010dnim napajanjem<\/b>.<\/p>\n<figure>\n<div class=\"kont\"><img decoding=\"async\" src=\"http:\/\/www.webnstudy.com\/img\/hard-laptop-ploca.jpg\" alt=\"\" width=\"400\" \/><\/div><figcaption>Mati\u010dna plo\u010da laptop ra\u010dunara je u potpunosti prilago\u0111ena \u0161tednji prostora<\/figcaption><\/figure>\n<p>Sa stanovi\u0161ta arhitekture, povezivanje delova mikrora\u010dunarskog sistema obavlja se preko <b>tri magistrale<\/b> (put kojim se kre\u0107u signali, podaci, naredbe u ra\u010dunaru):<\/p>\n<ul>\n<li><b>magistrala podataka<\/b> \u2013 slu\u017ei za prenos podataka kroz ra\u010dunar;<\/li>\n<li><b>adresna magistrala<\/b> \u2013 magistrala kojom se predaju adrese memorijskih lokacija;<\/li>\n<li><b>upravlja\u010dka magistrala<\/b> \u2013 magistrala kojom se prenose upravlja\u010dki signali.<\/li>\n<\/ul>\n<p>Sa razvojem ra\u010dunara, menjali su se i izgled i fizi\u010dka konstrukcija mati\u010dne plo\u010de. Tako nove mati\u010dne plo\u010de imaju druga\u010diju arhitekturu, druga\u010dije slotove za povezivanje kartica (npr. grafi\u010dke karte), spoljne memorije (IDE, SATA), druga\u010dije portove za povezivanje periferijskih ure\u0111aja (npr. USB, FireWire&#8230;).<\/p>\n<p>Kona\u010dno, mati\u010dna plo\u010da je ta od koje zavisi radni takt na kome \u0107e raditi procesor i memorija, kao i brzina protoka informacija.<\/p>\n<h2>\u010cipset<span class=\"goTop\"><img decoding=\"async\" src=\"http:\/\/www.webnstudy.com\/graf\/glif-top.png\" alt=\"\" \/><\/span><\/h2>\n<p><b>\u010cipset<\/b> (<i>chipset<\/i>) je skup \u010dipova, odnosno <b>kontrolera<\/b> iz kojih se sastoji mati\u010dna plo\u010da. Obi\u010dno se deli na dva dela:<\/p>\n<ul>\n<li><b>\u201eseverni\u201c deo<\/b> mati\u010dne plo\u010de (<i>northbridge<\/i>) \u2013 veoma kompleksan i brz kontroler koji povezuje procesor sa memorijom i magistralom;<\/li>\n<li><b>\u201eju\u017eni\u201c deo<\/b> mati\u010dne plo\u010de (<i>southbridge<\/i>) \u2013 kontroler koji povezuje magistralu sa periferijskim ure\u0111ajima (disketne jedinice, hard diskovi, CD i DVD ROM-ovi, mi\u0161, tastatura, USB&#8230;).<\/li>\n<\/ul>\n<p>Danas se ovakva arhitektura sve manje primenjuje. ide se na tzv. <b>SoC<\/b> (<i>System on Chip<\/i>) re\u0161enja koja predstavljaju integraciju komponenata &#8211; procesor i kontroleri u jednom \u010dipu.<\/p>\n<p><a href=\"http:\/\/lekcije.mfp.co.rs\/?page_id=62\">Slede\u0107a lekcija<\/a><\/p>\n","protected":false},"excerpt":{"rendered":"<p>Mati\u010dna plo\u010da je osnovni deo ra\u010dunara. Ona povezuje procesor, memoriju i ulazno-izlazne ure\u0111aje. Ona sadr\u017ei i ROM memoriju, u kojoj se kod PC ra\u010dunara nalazi BIOS (osnovni programi za rad ra\u010dunara), kao i upravlja\u010dke \u010dipove (tzv. kontrolere) koji upravljaju radom periferijskih ure\u0111aja (npr. hard diska, CD-ROM-a&#8230;). Mati\u010dna plo\u010da tako\u0111e povezuje ra\u010dunarski sistem sa elektri\u010dnim napajanjem. &hellip; <a href=\"https:\/\/lekcije.mfp.co.rs\/?page_id=36\" class=\"more-link\">\u041d\u0430\u0441\u0442\u0430\u0432\u0438\u0442\u0435 \u0441\u0430 \u0447\u0438\u0442\u0430\u045a\u0435\u043c <span class=\"screen-reader-text\">3.2.6.Mati\u010dna plo\u010da<\/span> <span class=\"meta-nav\">&rarr;<\/span><\/a><\/p>\n","protected":false},"author":1,"featured_media":0,"parent":144,"menu_order":0,"comment_status":"closed","ping_status":"closed","template":"","meta":{"footnotes":""},"_links":{"self":[{"href":"https:\/\/lekcije.mfp.co.rs\/index.php?rest_route=\/wp\/v2\/pages\/36"}],"collection":[{"href":"https:\/\/lekcije.mfp.co.rs\/index.php?rest_route=\/wp\/v2\/pages"}],"about":[{"href":"https:\/\/lekcije.mfp.co.rs\/index.php?rest_route=\/wp\/v2\/types\/page"}],"author":[{"embeddable":true,"href":"https:\/\/lekcije.mfp.co.rs\/index.php?rest_route=\/wp\/v2\/users\/1"}],"replies":[{"embeddable":true,"href":"https:\/\/lekcije.mfp.co.rs\/index.php?rest_route=%2Fwp%2Fv2%2Fcomments&post=36"}],"version-history":[{"count":4,"href":"https:\/\/lekcije.mfp.co.rs\/index.php?rest_route=\/wp\/v2\/pages\/36\/revisions"}],"predecessor-version":[{"id":353,"href":"https:\/\/lekcije.mfp.co.rs\/index.php?rest_route=\/wp\/v2\/pages\/36\/revisions\/353"}],"up":[{"embeddable":true,"href":"https:\/\/lekcije.mfp.co.rs\/index.php?rest_route=\/wp\/v2\/pages\/144"}],"wp:attachment":[{"href":"https:\/\/lekcije.mfp.co.rs\/index.php?rest_route=%2Fwp%2Fv2%2Fmedia&parent=36"}],"curies":[{"name":"wp","href":"https:\/\/api.w.org\/{rel}","templated":true}]}}