{"id":24,"date":"2015-04-22T15:43:29","date_gmt":"2015-04-22T13:43:29","guid":{"rendered":"http:\/\/lekcije.mfp.co.rs\/?page_id=24"},"modified":"2015-09-16T08:04:58","modified_gmt":"2015-09-16T06:04:58","slug":"datoteke-i-datotecni-sistem","status":"publish","type":"page","link":"https:\/\/lekcije.mfp.co.rs\/?page_id=24","title":{"rendered":"Datoteke i datote\u010dni sistem"},"content":{"rendered":"<p>&nbsp;<\/p>\n<p>Fajl (&#8222;datoteka&#8220;) je niz bajtova snimljen na mediju spoljne memorije. Kao takav, on ima neku veli\u010dinu i zauzima mesto na spoljnoj memoriji. Naziv fajla se obi\u010dno sastoji iz <b>dve komponente odvojene ta\u010dkom<\/b>. Prvi deo je samo <b>ime fajla<\/b>, a drugi deo je <b>ekstenzija<\/b> ili tip fajla. Po\u0161to i u imenu fajla mo\u017ee u\u010destvovati ta\u010dka, za ekstenziju se uzima samo deo posle poslednje ta\u010dke u nazivu.<\/p>\n<table class=\"big\">\n<tbody>\n<tr>\n<th colspan=\"3\">NAZIV FAJLA<\/th>\n<\/tr>\n<tr>\n<td>ime fajla<\/td>\n<td><\/td>\n<td>ekstenzija<\/td>\n<\/tr>\n<tr>\n<td class=\"c s\">moj.dokument<\/td>\n<td class=\"c s\">.<\/td>\n<td class=\"c s\">docx<\/td>\n<\/tr>\n<\/tbody>\n<\/table>\n<div class=\"content-box-blue\">\n<h5><span style=\"color: #000080;\">Datoteka je osnovna logi\u010dka jedinica tj. podaci koji su snimljeni na spoljnu memoriju i imaju svoje ime.<\/span><\/h5>\n<\/div>\n<p><i>Primer datoteka: \u201eVezba.doc\u201c, \u201eTest.xls\u201c, \u201eSlika.jpg\u201c, \u201eSlika2.bmp\u201c<\/i><\/p>\n<p>&nbsp;<\/p>\n<p>U starom operativnom sistemu MS-DOS, postojalo je ograni\u010denje da ime fajla mo\u017ee imati maksimalno 8 znakova, a ekstenzija maksimalno 3. Iako, sa uvo\u0111enjem modernijih fajl sistema, ovo ograni\u010denje vi\u0161e ne va\u017ei, ako koristimo neki stariji program pod novim Windows-om, u njemu \u0107e se prikazivati skra\u0107eni nazivi fajlova i foldera.<\/p>\n<figure>\n<div class=\"kont\"><img decoding=\"async\" src=\"http:\/\/www.webnstudy.com\/img\/fajlovi-ikone.jpg\" alt=\"\" width=\"600\" \/><\/div><figcaption>Prikaz fajlova i podfoldera u nekom folderu pod operativnim sistemom Windows 7. Ikone fajlova su prikazane na osnovu ekstenzije, a u nekim slu\u010dajevima i sadr\u017eaja fajla.<\/figcaption><\/figure>\n<p><b>Ekstenzija ima ulogu da odredi tip fajla<\/b>. Na osnovu ekstenzije, Windows prikazuje odgovaraju\u0107u grafi\u010dku reprezentaciju fajla \u2013 <b>ikonu<\/b>. U najve\u0107em broju slu\u010dajeva, ekstenzija se i dalje sastoji iz 3 znaka, ponekad 4, a vrlo retko vi\u0161e. Na osnovu toga, Windows &#8222;zna&#8220; kojim programom da otvori odre\u0111eni fajl. Nekada je bilo obavezno da se prvo pokrene program, a onda iz njega u\u010dita odre\u0111ena datoteka, dok u dana\u0161nje vreme, <b>korisnik mo\u017ee da klikne na ikonu, a operativni sistem \u0107e pokrenuti odgovaraju\u0107i program i onda u njega u\u010ditati fajl<\/b> na koji je korisnik kliknuo.<\/p>\n<p><b>Ako promenimo ekstenziju fajla ne\u0107emo zaista promeniti tip fajla<\/b>, tako se samo stvara konfuzija. Sam fajl se ne menja, a Windows \u0107e promeniti ikonu za prikaz i poku\u0161ati da otvori fajl u pogre\u0161nom programu.<\/p>\n<p><b>U Windows-u postoje znakovi koji imaju posebno zna\u010denje<\/b>, pogotovo kada se zadaju naredbe iz komandne linije (DOS Prompt) i <b>ne smeju se koristiti u nazivu fajlova i direktorijuma<\/b>:<\/p>\n<table class=\"big\">\n<tbody>\n<tr>\n<th colspan=\"9\">Zabranjeni znakovi u nazivu fajla<\/th>\n<\/tr>\n<tr>\n<td class=\"c s\"><span style=\"color: #000080;\"><strong>&lt;<\/strong><\/span><\/td>\n<td class=\"c s\"><span style=\"color: #000080;\"><strong>&gt;<\/strong><\/span><\/td>\n<td class=\"c s\"><span style=\"color: #000080;\"><strong>:<\/strong><\/span><\/td>\n<td class=\"c s\"><span style=\"color: #000080;\"><strong>&#8222;<\/strong><\/span><\/td>\n<td class=\"c s\"><span style=\"color: #000080;\"><strong>\/<\/strong><\/span><\/td>\n<td class=\"c s\"><strong><span style=\"color: #000080;\">\\<\/span><\/strong><\/td>\n<td class=\"c s\"><span style=\"color: #000080;\"><strong>|<\/strong><\/span><\/td>\n<td class=\"c s\"><span style=\"color: #000080;\"><strong>?<\/strong><\/span><\/td>\n<td class=\"c s\"><span style=\"color: #000080;\"><strong>*<\/strong><\/span><\/td>\n<\/tr>\n<\/tbody>\n<\/table>\n<p>Naziv fajla ne bi trebalo da bude ni jedna od re\u010di koje su rezervisane u DOS-u\/Windows-u: <b>CON, PRN, AUX, NUL, COM1, COM2, &#8230;, COM9, LPT1, LPT2, &#8230;, LPT9<\/b>.<\/p>\n<p>Isto tako, naziv fajla <b>ne bi smeo da se zavr\u0161i razmakom ili ta\u010dkom<\/b>. [1]<\/p>\n<figure>\n<div class=\"kont\"><img decoding=\"async\" src=\"http:\/\/www.webnstudy.com\/img\/fajlovi-ikone-u.jpg\" alt=\"\" width=\"600\" \/><\/div><figcaption>Prikaz fajlova i poddirektorijuma pod operativnim sistemom Ubuntu 14.04.<\/figcaption><\/figure>\n<p>&nbsp;<\/p>\n<div class=\"callout\">\n<p>Datoteke prema tipu delimo na:<\/p>\n<ol>\n<li><strong>sistemske programe,<\/strong><\/li>\n<li><strong>korisni\u010dke programe,<\/strong><\/li>\n<li><strong>korisni\u010dki dokumenti.<\/strong><\/li>\n<\/ol>\n<ul>\n<li><strong>Program<\/strong> \u2013 bilo sistemski ili korisni\u010dki je datoteka \u010diji se sadr\u017eaj izvr\u0161ava na ra\u010dunaru i \u010desto ga zovemo <i><b>aplikacija.<\/b><\/i><\/li>\n<li><strong>Korisni\u010dki dokument<\/strong> mo\u017ee biti slika, tekst, muzika ili sve zajedno.<\/li>\n<\/ul>\n<p>Sadr\u017eaj korisni\u010dkog dokumenta \u0107e biti prikazan u okviru odgovaraju\u0107e aplikacije koja taj sadr\u017eaj mo\u017ee pro\u010ditati i na odgovaraju\u0107i ga na\u010din prikazati na ekranu.<\/p>\n<p><i><b>Ukoliko sadr\u017eaj korisni\u010dkog dokumenta \u010ditamo sa pogre\u0161nom aplikacijom sadr\u017eaj \u0107e biti nerazumljiv za korisnika.<\/b><\/i><\/p>\n<\/div>\n<p align=\"CENTER\"><b>Tipovi datoteka (ekstenzija datoteke): <\/b><\/p>\n<p>Tip datoteke je skriven od o\u010diju korisnika, ali se po njegovom zahtevu mo\u017ee prikazati. Tip datoteke je sastavni deo imena datoteke, na kraju imena odvojen ta\u010dkom i sastoji se od 3 slova. Prema tipu datoteke mo\u017eemo znati \u0161ta je sadr\u017eaj datoteke.<\/p>\n<div class=\"callout\">\n<p>Naj\u010de\u0161\u0107i tipovi datoteka su:<\/p>\n<\/div>\n<div class=\"callout\">\n<ul>\n<li>EXE \u2013 izvr\u0161ni program, aplikacija<\/li>\n<li>COM \u2013 izvr\u0161ni program, aplikacija<\/li>\n<li>BAT &#8211; izvr\u0161ni program, aplikacija<\/li>\n<li>DLL \u2013 programska biblioteka<\/li>\n<li>TXT \u2013 tekstualni dokument<\/li>\n<li>DOC \u2013 grafi\u010dki dokument<\/li>\n<li>JPG, BMP, GIF, TIF, PNG \u2013 slike razli\u010ditih namena<\/li>\n<li>WAV, MP3 \u2013 zvu\u010dne datoteka<\/li>\n<li>AVI, DVX, DVD \u2013 video zapisi \u2013 filmovi<\/li>\n<li>RTF \u2013 oboga<span lang=\"\">\u0107eni tekstualni dokument<\/span><\/li>\n<li>PDF \u2013 dokument spreman za \u0161tampu koji se mo\u017ee pregledati na ekranu<\/li>\n<li>DWG, CDR \u2013 dokumenti korisni\u010dki sa crte\u017eima, slikama i dr.<\/li>\n<\/ul>\n<\/div>\n<p>&nbsp;<\/p>\n<h2>Izvr\u0161ni fajlovi<span class=\"goTop\"><img decoding=\"async\" src=\"http:\/\/www.webnstudy.com\/graf\/glif-top.png\" alt=\"\" \/><\/span><\/h2>\n<p>Izvr\u0161ni fajlovi su u stvari <b>programi koje korisnik mo\u017ee pokrenuti u sistemu<\/b>. Najva\u017eniji i najrasprostranjeniji tip izvr\u0161nog fajla je <b>EXE<\/b>.<\/p>\n<p><b>COM<\/b> su tako\u0111e programi, koji su predstavljali <b>komande starog MS-DOS-a<\/b>. U DOS-u su se izvr\u0161avale i <b>BAT<\/b> datoteke, koje su, u stvari, tekstualni fajlovi (skripte, u ovom slu\u010daju nazvane <i>batch<\/i> fajlovima) i koje su sadr\u017eale jednostavan program sastavljen od DOS naredbi. Nemojte se zavaravati &#8211; ovakvi skriptovi se i te kako mogu koristiti pod Windows-om.<\/p>\n<p><b>JAR<\/b> je u stvari <b>arhiva koja u sebi sadr\u017ei Java program<\/b> i koja mo\u017ee biti napravljena tako da se izvr\u0161ava (tako \u0161to pokrene Java virtuelnu ma\u0161inu koja dalje interpretira program).<\/p>\n<p><b>DLL<\/b> (<i>Dynamic Link Library<\/i>) nije zaista nezavisan program ve\u0107 <b>biblioteka funkcija<\/b> koje mogu koristiti drugi programi ili sam Windows.<\/p>\n<p><b>INF<\/b> u stvari nije izvr\u0161na datoteka, ali fajl <b>autorun.inf<\/b> se mo\u017ee koristiti za automatsko pokretanje programa kada se u ra\u010dunar ubaci USB, odnosno CD. Na ovaj na\u010din se i ra\u010dunar mo\u017ee zaraziti virusom.<\/p>\n<h2>Direktorijumi<span class=\"goTop\"><img decoding=\"async\" src=\"http:\/\/www.webnstudy.com\/graf\/glif-top.png\" alt=\"\" \/><\/span><\/h2>\n<h2><\/h2>\n<p><span style=\"color: #000080;\">Radi lak\u0161eg rada sa datotekama na spoljnoj memoriji se prave <span style=\"font-size: large;\"><i><b>fascikle (omotnice) \u2013 folderi ili direktorijumi<\/b><\/i><\/span> u koje se sme\u0161taju datoteke.<\/span><\/p>\n<p><span style=\"color: #000080;\"><b>Napomena<\/b>: U jednoj fascikli <b>ne mogu<\/b> biti dve datoteke istog tipa i istog imena.<\/span><\/p>\n<p><span style=\"color: #000080;\">U vi\u0161e fascikli mogu se \u010duvati datoteke istih imena i tipova a razli\u010ditog ili istog sadr\u017eaja.<\/span><\/p>\n<p>Fajlovi se na mediju spoljne memorije organizuju unutar hijerarhijske strukture direktorijuma i poddirektorijuma. <b>Direktorijum je logi\u010dki skup fajlova i poddirektorijuma ozna\u010den nekim imenom<\/b>. To zna\u010di da svaki direktorijum mo\u017ee sadr\u017eati fajlove i druge direktorijume. &#8222;Logi\u010dki&#8220; skup ozna\u010dava da fajlovi na samom disku nisu, niti moraju biti, bilo kako povezani. Oni su u fajl sistemu samo deklarisani kao fajlovi koji pripadaju odre\u0111enom direktorijumu. Samim tim, direktorijum ne postoji zaista kao objekat na disku, ve\u0107 se samo bele\u017ei kao objekat u alokacijskoj tabeli (<i>VFAT \u2013 Virtual File Allocation Table<\/i>, odnosno <i>MFT \u2013 Master File Table<\/i> u novijim verzijama Windows-a). [2]<\/p>\n<p>&nbsp;<\/p>\n<p>&nbsp;<\/p>\n<h4>Osnovne operacije nad datotekama:<\/h4>\n<ul>\n<li>Otvaranje<\/li>\n<li>Zatvaranje<\/li>\n<li>Kreiranje foldera i datoteka<\/li>\n<li>Kopiranje datoteka &#8211; foldera<\/li>\n<li>Preme\u0161tanje datoteka &#8211; foldera<\/li>\n<li>Tra\u017eenje datoteka &#8211; Search<\/li>\n<li>Brisanje datoteka<\/li>\n<li>Spa\u0161avanje datoteke iz kante za \u0111ubre<\/li>\n<li>Pra\u017enjenje kante za \u0111ubre<\/li>\n<\/ul>\n<p><a href=\"http:\/\/lekcije.mfp.co.rs\/?page_id=78\">Slede\u0107a lekcija<\/a><\/p>\n","protected":false},"excerpt":{"rendered":"<p>&nbsp; Fajl (&#8222;datoteka&#8220;) je niz bajtova snimljen na mediju spoljne memorije. Kao takav, on ima neku veli\u010dinu i zauzima mesto na spoljnoj memoriji. Naziv fajla se obi\u010dno sastoji iz dve komponente odvojene ta\u010dkom. Prvi deo je samo ime fajla, a drugi deo je ekstenzija ili tip fajla. Po\u0161to i u imenu fajla mo\u017ee u\u010destvovati ta\u010dka, &hellip; <a href=\"https:\/\/lekcije.mfp.co.rs\/?page_id=24\" class=\"more-link\">\u041d\u0430\u0441\u0442\u0430\u0432\u0438\u0442\u0435 \u0441\u0430 \u0447\u0438\u0442\u0430\u045a\u0435\u043c <span class=\"screen-reader-text\">Datoteke i datote\u010dni sistem<\/span> <span class=\"meta-nav\">&rarr;<\/span><\/a><\/p>\n","protected":false},"author":1,"featured_media":0,"parent":0,"menu_order":0,"comment_status":"closed","ping_status":"closed","template":"","meta":{"footnotes":""},"_links":{"self":[{"href":"https:\/\/lekcije.mfp.co.rs\/index.php?rest_route=\/wp\/v2\/pages\/24"}],"collection":[{"href":"https:\/\/lekcije.mfp.co.rs\/index.php?rest_route=\/wp\/v2\/pages"}],"about":[{"href":"https:\/\/lekcije.mfp.co.rs\/index.php?rest_route=\/wp\/v2\/types\/page"}],"author":[{"embeddable":true,"href":"https:\/\/lekcije.mfp.co.rs\/index.php?rest_route=\/wp\/v2\/users\/1"}],"replies":[{"embeddable":true,"href":"https:\/\/lekcije.mfp.co.rs\/index.php?rest_route=%2Fwp%2Fv2%2Fcomments&post=24"}],"version-history":[{"count":5,"href":"https:\/\/lekcije.mfp.co.rs\/index.php?rest_route=\/wp\/v2\/pages\/24\/revisions"}],"predecessor-version":[{"id":395,"href":"https:\/\/lekcije.mfp.co.rs\/index.php?rest_route=\/wp\/v2\/pages\/24\/revisions\/395"}],"wp:attachment":[{"href":"https:\/\/lekcije.mfp.co.rs\/index.php?rest_route=%2Fwp%2Fv2%2Fmedia&parent=24"}],"curies":[{"name":"wp","href":"https:\/\/api.w.org\/{rel}","templated":true}]}}