{"id":132,"date":"2015-04-22T12:27:14","date_gmt":"2015-04-22T10:27:14","guid":{"rendered":"http:\/\/lekcije.mfp.co.rs\/?page_id=132"},"modified":"2015-08-28T08:12:31","modified_gmt":"2015-08-28T06:12:31","slug":"3-struktura-racunarskog-sistema","status":"publish","type":"page","link":"https:\/\/lekcije.mfp.co.rs\/?page_id=132","title":{"rendered":"3. STRUKTURA RA\u010cUNARSKOG SISTEMA"},"content":{"rendered":"<h2>Ra\u010dunarski sistem je ra\u010dunar odnosno skup svih sredstava koje koristimo u procesu re\u0161avanja jednog ili vi\u0161e zadataka.<\/h2>\n<div class=\"cd-box\">\n<div class=\"content-box-blue\">\n<h1><span class=\"hed1\">OP\u0160TI MODEL RA\u010cUNARSKOG SISTEMA<\/span><\/h1>\n<\/div>\n<\/div>\n<h2>Ra\u010dunarski sistem sastoji se iz slede\u0107ih komponenti:<\/h2>\n<ul>\n<li>\n<h2>tehni\u010dkog dela (hardwere)<\/h2>\n<\/li>\n<li>\n<h2>programskog dela (software)<\/h2>\n<\/li>\n<li>\n<h2>podataka (data)<\/h2>\n<\/li>\n<li>\n<h2>procedure<\/h2>\n<\/li>\n<li>\n<h2>ljudi<\/h2>\n<\/li>\n<\/ul>\n<div class=\"callout\">\n<p><span class=\"hed2\">HARDVER<\/span><\/p>\n<\/div>\n<h3><span style=\"color: #0000ff;\">Hardver je tehni\u010dki deo ra\u010dunarskog sistema, koji se sastoji od skupa razli\u010ditih ure\u0111aja:<\/span><\/h3>\n<ol>\n<li><strong>Ulazni ure\u0111aji<\/strong> &#8211; slu\u017ee za pristup ra\u010dunaru i posredstvom njih se zadaju komande, tra\u017ee informacije, unose podaci ili programi u ra\u010dunar \u2013 tastatura, mi\u0161, skener, digitalni aparat, \u010dita\u010d bar-koda, digitajzer ..<\/li>\n<li><strong>Ure\u0111aji za obradu<\/strong> (centralna jedinica) \u2013 unutra\u0161nja memorija + aritmeti\u010dko logi\u010dka jeninica + kontrolna jedinica<\/li>\n<li><strong>Izlazni ure\u0111aji<\/strong> \u2013 slu\u017ee za saop\u0161tavanje unetih odnosno obra\u0111enih podataka \u2013 video displeji (monitor, ekran), \u0161tampa\u010d, ploter, zvu\u010dnik.<\/li>\n<li><strong>Ure\u0111aji spoljne memorije<\/strong> \u2013 slu\u017ee za trajno pam\u0107enje i \u010duvanje podataka i programa -hard-disk, disketa (floppy), CD, DVD, traka<\/li>\n<\/ol>\n<div class=\"callout\">\n<p><span class=\"hed2\">SOFTVER<\/span><\/p>\n<\/div>\n<p>Da bi tehni\u010dki deo ra\u010dunarskog sistema (hardver) mogao da ostvari funkciju obrade neophodano je niz naredbi.<br \/>\nNaredbe se grupi\u0161u tako da omogu\u0107avaju re\u0161avanje odre\u0111enog problema.<\/p>\n<h2><span style=\"color: #0000ff;\">Softver predstavlja skup svih programa koji upravljaju radom ra\u010dunara i koriste se pri re\u0161avanju problema.<\/span><\/h2>\n<h3>Softver delimo na:<\/h3>\n<ul>\n<li>\n<h3><strong>operativne sisteme \u2013 obezbe\u0111uju lako i efikasno kori\u0161\u0107enje ra\u010dunara (Windows, Unix, DOS)<\/strong><\/h3>\n<\/li>\n<li>\n<h3><strong>sistemski softver \u2013 omogu\u0107uju kori\u0161\u0107enje tehni\u010dkog dela ra\u010dunara i olak\u0161avaju pojedine poslove<\/strong><\/h3>\n<\/li>\n<li>\n<h3><strong>aplikativni (korisni\u010dki) softver \u2013 re\u0161avaju razli\u010dite probleme (Word, Excel, Paint)<\/strong><\/h3>\n<\/li>\n<\/ul>\n<div class=\"callout\">\n<h3><span class=\"hed2\">PODATAK &#8211; PODACI<\/span><\/h3>\n<\/div>\n<h3><span style=\"color: #0000ff;\"><strong>Podaci su \u010dinjenice, oznake, zapa\u017eanja nastala tokom nekog procesa.<\/strong><\/span><\/h3>\n<p><strong>Podaci su osnovni objekat obrade u ra\u010dunarskom sistemu.<\/strong><\/p>\n<h4><strong> Obrada podataka podrazumeva:<\/strong><\/h4>\n<ul>\n<li>\n<h3>prikupljanje i unos podataka<\/h3>\n<\/li>\n<li>\n<h3>organizacija i \u010duvanje podataka (skladi\u0161tenje)<\/h3>\n<\/li>\n<li>\n<h3>obradu podataka putem ra\u010dunara (podatak postaje informacija)<\/h3>\n<\/li>\n<li>\n<h3>izdavanja rezultata obrade (pregled, \u0161tampanje, crtanje&#8230;)<\/h3>\n<\/li>\n<\/ul>\n<div class=\"callout\">\n<h3><span class=\"hed2\">PROCEDURE<\/span><\/h3>\n<\/div>\n<h3><span style=\"color: #0000ff;\">Procedure predstavljaju skup podataka i pravila koja se moraju po\u0161tovati i primenjivati u cilju<\/span>:<\/h3>\n<ul>\n<li>\n<h3>pravilne upotrebe ra\u010dunarskog sistema,<\/h3>\n<\/li>\n<li>\n<h3>pravilne obrade podatka,<\/h3>\n<\/li>\n<li>\n<h3>re\u0161avanja nekog zadatka pomo\u0107u ra\u010dunara.<\/h3>\n<\/li>\n<\/ul>\n<div class=\"callout\">\n<h2><span class=\"hed2\">LJUDI<\/span><\/h2>\n<\/div>\n<ul>\n<li>\n<h2>obavljaju aktivnost stvaranja i prikupljanja podataka<\/h2>\n<\/li>\n<li>\n<h2>razvijaju nove i menjaju postoje\u0107e programe<\/h2>\n<\/li>\n<li>\n<h2>kreiraju procedure<\/h2>\n<\/li>\n<li>\n<h2>koriste ra\u010dunare.<\/h2>\n<\/li>\n<\/ul>\n<p><a href=\"http:\/\/lekcije.mfp.co.rs\/?page_id=139\">Slede\u0107a lekcija<\/a><\/p>\n<p>&nbsp;<\/p>\n<p>&nbsp;<\/p>\n","protected":false},"excerpt":{"rendered":"<p>Ra\u010dunarski sistem je ra\u010dunar odnosno skup svih sredstava koje koristimo u procesu re\u0161avanja jednog ili vi\u0161e zadataka. OP\u0160TI MODEL RA\u010cUNARSKOG SISTEMA Ra\u010dunarski sistem sastoji se iz slede\u0107ih komponenti: tehni\u010dkog dela (hardwere) programskog dela (software) podataka (data) procedure ljudi HARDVER Hardver je tehni\u010dki deo ra\u010dunarskog sistema, koji se sastoji od skupa razli\u010ditih ure\u0111aja: Ulazni ure\u0111aji &#8211; &hellip; <a href=\"https:\/\/lekcije.mfp.co.rs\/?page_id=132\" class=\"more-link\">\u041d\u0430\u0441\u0442\u0430\u0432\u0438\u0442\u0435 \u0441\u0430 \u0447\u0438\u0442\u0430\u045a\u0435\u043c <span class=\"screen-reader-text\">3. STRUKTURA RA\u010cUNARSKOG SISTEMA<\/span> <span class=\"meta-nav\">&rarr;<\/span><\/a><\/p>\n","protected":false},"author":1,"featured_media":0,"parent":274,"menu_order":0,"comment_status":"closed","ping_status":"closed","template":"","meta":{"footnotes":""},"_links":{"self":[{"href":"https:\/\/lekcije.mfp.co.rs\/index.php?rest_route=\/wp\/v2\/pages\/132"}],"collection":[{"href":"https:\/\/lekcije.mfp.co.rs\/index.php?rest_route=\/wp\/v2\/pages"}],"about":[{"href":"https:\/\/lekcije.mfp.co.rs\/index.php?rest_route=\/wp\/v2\/types\/page"}],"author":[{"embeddable":true,"href":"https:\/\/lekcije.mfp.co.rs\/index.php?rest_route=\/wp\/v2\/users\/1"}],"replies":[{"embeddable":true,"href":"https:\/\/lekcije.mfp.co.rs\/index.php?rest_route=%2Fwp%2Fv2%2Fcomments&post=132"}],"version-history":[{"count":7,"href":"https:\/\/lekcije.mfp.co.rs\/index.php?rest_route=\/wp\/v2\/pages\/132\/revisions"}],"predecessor-version":[{"id":374,"href":"https:\/\/lekcije.mfp.co.rs\/index.php?rest_route=\/wp\/v2\/pages\/132\/revisions\/374"}],"up":[{"embeddable":true,"href":"https:\/\/lekcije.mfp.co.rs\/index.php?rest_route=\/wp\/v2\/pages\/274"}],"wp:attachment":[{"href":"https:\/\/lekcije.mfp.co.rs\/index.php?rest_route=%2Fwp%2Fv2%2Fmedia&parent=132"}],"curies":[{"name":"wp","href":"https:\/\/api.w.org\/{rel}","templated":true}]}}