{"id":129,"date":"2015-04-22T12:35:40","date_gmt":"2015-04-22T10:35:40","guid":{"rendered":"http:\/\/lekcije.mfp.co.rs\/?page_id=129"},"modified":"2015-08-28T08:11:40","modified_gmt":"2015-08-28T06:11:40","slug":"2-primena-racunarskih-sistema-u-raznim-oblastima","status":"publish","type":"page","link":"https:\/\/lekcije.mfp.co.rs\/?page_id=129","title":{"rendered":"2. Primena ra\u010dunarskih sistema u raznim oblastima"},"content":{"rendered":"<p>Razvoj informacione i telekomunikacione tehnologije i njihovom integracijom svet postaje jedno globalno informaciono dru\u0161tvo.<br \/>\nInformaciono dru\u0161tvo podrazumeva primenu informacionih i ra\u010dunarskih tehnologija u skoro svim sverama ljudskog \u017eivota.<\/p>\n<p>Danas prakti\u010dno nema oblasti u kojoj ra\u010dunari nisu na\u0161li primenu!<br \/>\nTome doprinosi:<\/p>\n<ul>\n<li>ra\u010dunari obra\u0111uju podatke neuporedivo br\u017ee nego ljudi i sa mnogo manje gre\u0161aka.<\/li>\n<li>niska cena ra\u010dunara i velika ponuda gotovih programa<\/li>\n<li>nastanak i razvoj Interneta, globalne ra\u010dunarske mre\u017ee koje je omogu\u0107ila trenutnu razmenu informacija izme\u0111u ra\u010dunara \u0161irom sveta<\/li>\n<\/ul>\n<p><span class=\"hed1\">Primena ra\u010dunara danas:<\/span><\/p>\n<div class=\"content-box-blue\">\n<p><span class=\"hed1\"><strong>POSLOVNA PRIMENA RA\u010cUNARA<\/strong><\/span><\/p>\n<\/div>\n<p>Ra\u010dunari se koriste za:<\/p>\n<ul>\n<li>automatizacija poslovnih procesa<\/li>\n<li>izra\u010dunavanja i statistika.<\/li>\n<li>brza trenutna komunikcija<\/li>\n<li>dostupnost informacija<\/li>\n<li>obrada i skladi\u0161tenje velike koli\u010dine podataka<\/li>\n<li>ponuda proizvoda i usluga naj\u0161irem tr\u017ei\u0161tu \u2013 tr\u017ei\u0161te bez granica<\/li>\n<li>e-trgovina<\/li>\n<li>e-poslovanje\u2026<\/li>\n<\/ul>\n<p>Poslovnom primenom ra\u010dunara posti\u017ee se u\u0161teda sredstava, vremena i truda, ubrzanje rada, pove\u0107eva ta\u010dnost, pobolj\u0161ava sigurnost i kontrola<\/p>\n<div class=\"content-box-blue\">\n<p><span class=\"hed1 hed2\">POSLOVNI INFORMACIONI SISTEMI<\/span><\/p>\n<\/div>\n<p>Poslovni informacioni sistemi se<\/p>\n<ul>\n<li>prave specijaliozovano za odere\u0111eno preduze\u0107e,<\/li>\n<li>prodaju kao gotov proizvod na tr\u017ei\u0161tu softvera ili<\/li>\n<li>su gotovi informacioni sistemi koji se sastoje iz vi\u0161e celina, naj\u010de\u0161\u0107e prodaju u delovima, sa mogu\u0107no\u0161\u0107u nadogradnje novim delovima, verzijama ili programskim koponentima<\/li>\n<\/ul>\n<div class=\"content-box-blue\">\n<p><span class=\"hed1 hed2\">OBRADA TEKSTA<\/span><\/p>\n<\/div>\n<h3><span style=\"color: #008000;\">Obrada teksta<\/span><\/h3>\n<ul>\n<li>Podrazumeva &#8211; pisanje, ure\u0111ivanje, oblikovanje, \u0161tampanje<\/li>\n<li>Cirkularna pisma, vo\u0111enje prepiske, ure\u0111ivanje knjiga i ve\u0107ih dokumenata, priprema za \u0161tampu<\/li>\n<li>Naj\u010de\u0161\u0107a primena ra\u010dunara<\/li>\n<li>Veliki broj programa- MS Word, Lateh, Open Office, Publisher, Word Perfect, Libre Office<\/li>\n<\/ul>\n<div class=\"content-box-blue\">\n<p><span class=\"hed2\">TABELARNA IZRA\u010cUNAVANJA<\/span><\/p>\n<\/div>\n<h3><span style=\"color: #008000;\">Tabelarna izra\u010dunavanja<\/span><\/h3>\n<p>Pru\u017eaju mogu\u0107nost prikazivanja podataka i izra\u010dunavanja na osnovu unetih vrednosti<br \/>\nPru\u017eaju mogu\u0107nost brzog i jasnog predstavljanja informacija pomo\u0107u grafikona.<br \/>\nPrimenljiv u najrazli\u010ditijim oblastima na primer: srednja ocena u\u010denika, predra\u010dun gra\u0111evinskih radova, finansijski bilans, rezultati istra\u017eivanja tr\u017ei\u0161ta\u2026.<br \/>\nKomercijalni pogrami: MS Excel, Lotus, Quattro Pro, Open office Calc, Libre Office<\/p>\n<div class=\"content-box-blue\">\n<p><span class=\"hed2\">BAZE PODATAKE<\/span><\/p>\n<\/div>\n<p>Pru\u017ea mogu\u0107nost \u010duvanja i obrade i povezivanja velikog broja podataka<br \/>\nVelika mogu\u0107nost primene: \u0161kole (evidencija u\u010denika, nastavnika, predmeta, literature, ocena, sekcija\u2026.), preduze\u0107a (proizvodnja, nabavka, prodaja\u2026), baze podataka na Internetu\u2026.<br \/>\nPostoji veliki broj programa: Access, My SQL, Oracle<\/p>\n<div class=\"content-box-blue\">\n<p><span class=\"hed2\">PREZENTACIJE<\/span><\/p>\n<\/div>\n<p>Pru\u017ea mogu\u0107nost predstavljanja proizvoda , usluga, izve\u0161taja i drugih sadr\u017eaja na atraktivan i vrlo upe\u010datljiv na\u010din, pomo\u0107u slajdova.<br \/>\nPru\u017ea mogu\u0107nost kombinovanja slike, teksta zvuka, animacije i grafikona<\/p>\n<div class=\"content-box-blue\">\n<p><span class=\"hed2\">PROJEKTOVANJE I PROIZVODNJA<\/span><\/p>\n<\/div>\n<p>Danas je nezamislivo projektovanje i razvoj bilo kog ure\u0111aja, ma\u0161inskog dela ili samih ra\u010dunarskih komponenti bez kori\u0161\u0107enja ra\u010dunara<br \/>\nOva oblast ra\u010dunara naziva se projektovanje pomo\u0107u ra\u010dunara \u2013 CAD<br \/>\nPru\u017ea mogu\u0107nost da se konstrukcija i sklop ure\u0111aja potpuno proveri pre proizvodnje, ispita pona\u0161anje pojedinih delova (simulacije)<\/p>\n<p>Proizvodne linije su danas automatizovane i ra\u010dunari upravljaju robotima na proizvodnim linijama i proizvodnjom alata.<br \/>\nNa osnovu crte\u017ea i modela napravljenih u CAD programima direktno se prave proizvodi pa se ova grana naziva proizvodnja pomo\u0107u ra\u010dunara \u2013 CAM<\/p>\n<p>Najpoznatiji programi su:<strong> AutoCAD, ArchiCad, ProEngineer\u2026<\/strong><\/p>\n<div class=\"content-box-blue\">\n<p><span class=\"hed2\">OBRAZOVANJE I OBUKA<\/span><\/p>\n<\/div>\n<ul>\n<li>Mogu\u0107nost interaktivnosti obuke uz upotrebu slike, teksta, zvuka, animacija, video snimaka<\/li>\n<li>Predavanja i radionice na kojima se istovremeno mogu na\u0107i ljudi iz razli\u010ditih krajeva sveta<\/li>\n<li>Mogu\u0107nost sme\u0161taja velike koli\u010dine podataka (enciklopedija, atlasa, re\u010dnika\u2026) na CD, DVD\u2026.<\/li>\n<\/ul>\n<div class=\"content-box-blue\">\n<p><span class=\"hed2\">ZDRAVSTVO I ZDRAVSTVENA ZA\u0160TITA<\/span><\/p>\n<\/div>\n<ul>\n<li>Direktno se doprinosi spa\u0161avanju ljudskih \u017eivota<\/li>\n<li>Ure\u0111aji za dijagnostiku (ultrazvuk, rendgen, skener\u2026)<\/li>\n<li>Hiru\u0161ki insturumenti (laser, dejstvo niskim temperaturama\u2026)<\/li>\n<li>Implanatanti i ve\u0161ta\u010dki organi<\/li>\n<li>Elektronski zdravstveni karton<\/li>\n<\/ul>\n<div class=\"content-box-blue\">\n<p><span class=\"hed2\">JAVNA UPRAVA<\/span><\/p>\n<\/div>\n<ul>\n<li>Baza podataka o gra\u0111anima (lk, paso\u0161), registovana vodzila \u2013 MUP<\/li>\n<li>Mati\u010dni podaci, podaci o pokretnoj i nepokretnoj imovini, poreske obaveze, zemlji\u0161ne knjige\u2026<\/li>\n<li>Izdavanje potvrda, uverenja, re\u0161enja, registracija, uknji\u017ebi<\/li>\n<li>Koncept E-vlade<\/li>\n<\/ul>\n<p>&nbsp;<\/p>\n<div class=\"content-box-blue\">\n<p><span class=\"hed2\">TV REKLAME, SPOTOVI, IGRE, ANIMACIONI EFEKTI<\/span><\/p>\n<\/div>\n<p>Polje \u0161irenja primene ra\u010dunara i njihove potpune dominacije kao alata<br \/>\nRazvoj ra\u010dunarskih i video igrica je me\u0111u najprofitabilnijim privrednim granama<br \/>\nRa\u010dunar-skupa igra\u010dka!<\/p>\n<div class=\"content-box-blue\">\n<p><span class=\"hed2\">RA\u010cUNAR U KU\u0106I &#8211; LI\u010cNA UPOTREBA<\/span><\/p>\n<\/div>\n<ul>\n<li>Lako dostupni<\/li>\n<li>Rad kod ku\u0107e \u2013 Teleworking<\/li>\n<li>Upravljanje doma\u0107instvom<\/li>\n<li>Igranje, u\u010denje,<\/li>\n<li>Internet<\/li>\n<li>E-po\u0161ta<\/li>\n<li>On-line bankarstvo i one-line kupvina<\/li>\n<\/ul>\n<p><a href=\"http:\/\/lekcije.mfp.co.rs\/?page_id=132\">Slede\u0107a lekcija<\/a><\/p>\n<p>&nbsp;<\/p>\n<p>&nbsp;<\/p>\n","protected":false},"excerpt":{"rendered":"<p>Razvoj informacione i telekomunikacione tehnologije i njihovom integracijom svet postaje jedno globalno informaciono dru\u0161tvo. Informaciono dru\u0161tvo podrazumeva primenu informacionih i ra\u010dunarskih tehnologija u skoro svim sverama ljudskog \u017eivota. Danas prakti\u010dno nema oblasti u kojoj ra\u010dunari nisu na\u0161li primenu! Tome doprinosi: ra\u010dunari obra\u0111uju podatke neuporedivo br\u017ee nego ljudi i sa mnogo manje gre\u0161aka. niska cena ra\u010dunara &hellip; <a href=\"https:\/\/lekcije.mfp.co.rs\/?page_id=129\" class=\"more-link\">\u041d\u0430\u0441\u0442\u0430\u0432\u0438\u0442\u0435 \u0441\u0430 \u0447\u0438\u0442\u0430\u045a\u0435\u043c <span class=\"screen-reader-text\">2. Primena ra\u010dunarskih sistema u raznim oblastima<\/span> <span class=\"meta-nav\">&rarr;<\/span><\/a><\/p>\n","protected":false},"author":1,"featured_media":0,"parent":274,"menu_order":0,"comment_status":"closed","ping_status":"closed","template":"","meta":{"footnotes":""},"_links":{"self":[{"href":"https:\/\/lekcije.mfp.co.rs\/index.php?rest_route=\/wp\/v2\/pages\/129"}],"collection":[{"href":"https:\/\/lekcije.mfp.co.rs\/index.php?rest_route=\/wp\/v2\/pages"}],"about":[{"href":"https:\/\/lekcije.mfp.co.rs\/index.php?rest_route=\/wp\/v2\/types\/page"}],"author":[{"embeddable":true,"href":"https:\/\/lekcije.mfp.co.rs\/index.php?rest_route=\/wp\/v2\/users\/1"}],"replies":[{"embeddable":true,"href":"https:\/\/lekcije.mfp.co.rs\/index.php?rest_route=%2Fwp%2Fv2%2Fcomments&post=129"}],"version-history":[{"count":8,"href":"https:\/\/lekcije.mfp.co.rs\/index.php?rest_route=\/wp\/v2\/pages\/129\/revisions"}],"predecessor-version":[{"id":373,"href":"https:\/\/lekcije.mfp.co.rs\/index.php?rest_route=\/wp\/v2\/pages\/129\/revisions\/373"}],"up":[{"embeddable":true,"href":"https:\/\/lekcije.mfp.co.rs\/index.php?rest_route=\/wp\/v2\/pages\/274"}],"wp:attachment":[{"href":"https:\/\/lekcije.mfp.co.rs\/index.php?rest_route=%2Fwp%2Fv2%2Fmedia&parent=129"}],"curies":[{"name":"wp","href":"https:\/\/api.w.org\/{rel}","templated":true}]}}