{"id":115,"date":"2015-04-22T12:00:18","date_gmt":"2015-04-22T10:00:18","guid":{"rendered":"http:\/\/lekcije.mfp.co.rs\/?page_id=115"},"modified":"2015-05-14T14:02:56","modified_gmt":"2015-05-14T12:02:56","slug":"html","status":"publish","type":"page","link":"https:\/\/lekcije.mfp.co.rs\/?page_id=115","title":{"rendered":"HTML"},"content":{"rendered":"<p>Predstavljamo vam <b>Web&#8217;n&#8217;Study<\/b> seriju <b>HTML lekcija<\/b>. Na ovom mestu \u0107emo vas nau\u010diti kako da kreirate web stranice. Na\u0161a ideja je da tekstovi budu kratki, konkretni i jednostavni. Nadamo se da \u0107e vam na\u0161 HTML tutorijal pomo\u0107i ako ste potpuni po\u010detnik, ili biti korisna referenca ako ste iskusni u web developmentu. Trudi\u0107emo se da i najkomplikovanije teme \u0161to jednostavnije objasnimo i ilustrujemo sa \u0161to vi\u0161e HTML primera.<\/p>\n<h2>\u0160ta je to HTML?<span class=\"goTop\"><img decoding=\"async\" src=\"http:\/\/www.webnstudy.com\/graf\/glif-top.png\" alt=\"\" \/><\/span><\/h2>\n<p>HTML je osnovna web tehnologija. Te\u0161ko da biste bez njega i\u0161ta mogli da postignete na web-u. HTML nam slu\u017ei da defini\u0161emo web stranice i njihov sadr\u017eaj.<\/p>\n<aside class=\"savet\">U ranijim verzijama standarda (pre pojave XHTML-a), HTML je slu\u017eio za formatiranje dokumenta. Bitno je da napravimo razliku, ve\u0107 na samom po\u010detku. <b>Formatiranje defini\u0161e izgled dokumenta<\/b>, i HTML standard se vi\u0161e ne bavi time.<\/aside>\n<p>Danas, HTML-om defini\u0161emo \u0161ta predstavlja odre\u0111eni deo dokumenta (npr. glavni naslov, podnaslovi, pasusi&#8230;). Ka\u017eemo da su oznake HTML-a &#8222;semanti\u010dke&#8220;, odnosno da defini\u0161u smisao dokumenta.<\/p>\n<p>Op\u0161ta ideja je da se odvoji su\u0161tina od izgleda. Su\u0161tinom se bavi HTML, a izgledom CSS.<\/p>\n<aside class=\"prf Sandy\">\n<div>HTML i CSS su osnovne tehnologije za kreiranje web sajtova! Sve ostalo je nadgradnja.<\/div>\n<\/aside>\n<h2>\u0160ta HTML nije?<span class=\"goTop\"><img decoding=\"async\" src=\"http:\/\/www.webnstudy.com\/graf\/glif-top.png\" alt=\"\" \/><\/span><\/h2>\n<p>HTML <b>nije programski jezik<\/b>. On spada u tzv. &#8222;deklarativne jezike&#8220;, koji slu\u017ee za opis, a ne za zadavanje naredbi ra\u010dunaru. Dakle u HTML-u ne postoje ciklusi, grananja, izra\u010dunavanja i redosled operacija.<\/p>\n<p>HTML <b>nije na\u010din formatiranja izgleda stranice<\/b>. Iako nam to mo\u017ee tako izgledati, po\u0161to u web \u010dita\u010dima razli\u010dite HTML oznake kao rezultat proizvode tekst druga\u010dijeg izgleda, HTML samo slu\u017ei da defini\u0161emo <b>\u0161ta predstavlja<\/b> odre\u0111eni deo dokumenta.<\/p>\n<section class=\"primer\">\n<h2>Primer HTML stranice<\/h2>\n<div>\n<p>Ne brinite ako vam se na prvi pogled u\u010dini komplikovano&#8230; U stvari je jako jednostavno.<\/p>\n<pre class=\" language-markup\"><code class=\" language-markup\">\r\n\t<span class=\"token tag\"><span class=\"token tag\"><span class=\"token punctuation\">&lt;<\/span>html<\/span><span class=\"token punctuation\">&gt;<\/span><\/span>\r\n\t\t<span class=\"token tag\"><span class=\"token tag\"><span class=\"token punctuation\">&lt;<\/span>body<\/span><span class=\"token punctuation\">&gt;<\/span><\/span>\r\n\t\t\t<span class=\"token tag\"><span class=\"token tag\"><span class=\"token punctuation\">&lt;<\/span>h1<\/span><span class=\"token punctuation\">&gt;<\/span><\/span>Naslov<span class=\"token tag\"><span class=\"token tag\"><span class=\"token punctuation\">&lt;\/<\/span>h1<\/span><span class=\"token punctuation\">&gt;<\/span><\/span>\r\n\t\t\t<span class=\"token tag\"><span class=\"token tag\"><span class=\"token punctuation\">&lt;<\/span>p<\/span><span class=\"token punctuation\">&gt;<\/span><\/span>A ovo je nas prvi pasus<span class=\"token tag\"><span class=\"token tag\"><span class=\"token punctuation\">&lt;\/<\/span>p<\/span><span class=\"token punctuation\">&gt;<\/span><\/span>\r\n\t\t<span class=\"token tag\"><span class=\"token tag\"><span class=\"token punctuation\">&lt;\/<\/span>body<\/span><span class=\"token punctuation\">&gt;<\/span><\/span>\r\n\t<span class=\"token tag\"><span class=\"token tag\"><span class=\"token punctuation\">&lt;\/<\/span>html<\/span><span class=\"token punctuation\">&gt;<\/span><\/span>\r\n\t\r\n\r\n<a href=\"http:\/\/lekcije.mfp.co.rs\/?page_id=94\">Slede\u0107a lekcija<\/a><\/code><\/pre>\n<\/div>\n<\/section>\n","protected":false},"excerpt":{"rendered":"<p>Predstavljamo vam Web&#8217;n&#8217;Study seriju HTML lekcija. Na ovom mestu \u0107emo vas nau\u010diti kako da kreirate web stranice. Na\u0161a ideja je da tekstovi budu kratki, konkretni i jednostavni. Nadamo se da \u0107e vam na\u0161 HTML tutorijal pomo\u0107i ako ste potpuni po\u010detnik, ili biti korisna referenca ako ste iskusni u web developmentu. Trudi\u0107emo se da i najkomplikovanije &hellip; <a href=\"https:\/\/lekcije.mfp.co.rs\/?page_id=115\" class=\"more-link\">\u041d\u0430\u0441\u0442\u0430\u0432\u0438\u0442\u0435 \u0441\u0430 \u0447\u0438\u0442\u0430\u045a\u0435\u043c <span class=\"screen-reader-text\">HTML<\/span> <span class=\"meta-nav\">&rarr;<\/span><\/a><\/p>\n","protected":false},"author":1,"featured_media":0,"parent":92,"menu_order":0,"comment_status":"open","ping_status":"closed","template":"","meta":{"footnotes":""},"_links":{"self":[{"href":"https:\/\/lekcije.mfp.co.rs\/index.php?rest_route=\/wp\/v2\/pages\/115"}],"collection":[{"href":"https:\/\/lekcije.mfp.co.rs\/index.php?rest_route=\/wp\/v2\/pages"}],"about":[{"href":"https:\/\/lekcije.mfp.co.rs\/index.php?rest_route=\/wp\/v2\/types\/page"}],"author":[{"embeddable":true,"href":"https:\/\/lekcije.mfp.co.rs\/index.php?rest_route=\/wp\/v2\/users\/1"}],"replies":[{"embeddable":true,"href":"https:\/\/lekcije.mfp.co.rs\/index.php?rest_route=%2Fwp%2Fv2%2Fcomments&post=115"}],"version-history":[{"count":2,"href":"https:\/\/lekcije.mfp.co.rs\/index.php?rest_route=\/wp\/v2\/pages\/115\/revisions"}],"predecessor-version":[{"id":307,"href":"https:\/\/lekcije.mfp.co.rs\/index.php?rest_route=\/wp\/v2\/pages\/115\/revisions\/307"}],"up":[{"embeddable":true,"href":"https:\/\/lekcije.mfp.co.rs\/index.php?rest_route=\/wp\/v2\/pages\/92"}],"wp:attachment":[{"href":"https:\/\/lekcije.mfp.co.rs\/index.php?rest_route=%2Fwp%2Fv2%2Fmedia&parent=115"}],"curies":[{"name":"wp","href":"https:\/\/api.w.org\/{rel}","templated":true}]}}