{"id":94,"date":"2015-04-22T11:42:03","date_gmt":"2015-04-22T09:42:03","guid":{"rendered":"http:\/\/lekcije.mfp.co.rs\/?page_id=94"},"modified":"2015-05-14T14:03:46","modified_gmt":"2015-05-14T12:03:46","slug":"internet-kao-medij","status":"publish","type":"page","link":"http:\/\/lekcije.mfp.co.rs\/?page_id=94","title":{"rendered":"Internet kao medij"},"content":{"rendered":"<p>Internet potpuno menja na\u010din komunikacije me\u0111u ljudima, kao i na\u010din \u017eivota. Informacije su dostupne svakome i svuda. Bez obzira na geografsku udaljenost, korisnici mogu komunicirati ili preuzimati podatke i fajlove sa bilo koje lokacije ili u bilo koje doba.<\/p>\n<p>Internet je omogu\u0107io interaktivnost kakvu ne pru\u017ea nijedan drugi medij. Korisnici mogu prona\u0107i ta\u010dno one sadr\u017eaje koji ih interesuju. Samim tim, Internet vi\u0161e ne predstavlja simulaciju realnog okru\u017eenja, ve\u0107 samostalno, alternativno virtuelno okru\u017eenje.<\/p>\n<p>Internet je tako\u0111e dinami\u010dan medij \u2013 stalno rastu\u0107i, neprestano razvijaju\u0107i druga\u010dije na\u010dine komunikacije. Jednom otkrivena prezentacija na Internetu mo\u017ee biti potpuno druga\u010dija kada je posetimo slede\u0107i put.<\/p>\n<p>O\u010digledno je da Internet objedinjuje dobre osobine klasi\u010dnih medija (\u0161tampanih i elektronskih) i dopunjuje ih svojim posebnim karakteristikama. Iako su informacije dostupne u tekstualnom, audio i vizuelnom obliku, glavni deo se i dalje prenosi u obliku teksta, zbog zaostajanja tehnologije za realnim potrebama, tako da se ostali sadr\u017eaji uglavnom koriste kao dopuna.<\/p>\n<p>Publika koju pokriva Internet je ceo svet, a prezentacija je neprekidno dostupna. Komunikacija je masovna, brza i jeftina. Mnogobrojni servisi omogu\u0107avaju da poruka lako stigne na drugi kraj sveta.<\/p>\n<p>Iz karakteristika Interneta kao medija proizlazi da World Wide Web nosi u sebi i nekoliko nedostataka, koji se ogledaju u tome da je veoma te\u0161ko sna\u0107i se u izobilju sajtova nad kojima je nemogu\u0107e sprovesti organizaciju i kontrolu kvaliteta.<\/p>\n<p><a href=\"http:\/\/lekcije.mfp.co.rs\/?page_id=78\">Slede\u0107a lekcija<\/a><\/p>\n","protected":false},"excerpt":{"rendered":"<p>Internet potpuno menja na\u010din komunikacije me\u0111u ljudima, kao i na\u010din \u017eivota. Informacije su dostupne svakome i svuda. Bez obzira na geografsku udaljenost, korisnici mogu komunicirati ili preuzimati podatke i fajlove sa bilo koje lokacije ili u bilo koje doba. Internet je omogu\u0107io interaktivnost kakvu ne pru\u017ea nijedan drugi medij. Korisnici mogu prona\u0107i ta\u010dno one sadr\u017eaje &hellip; <a href=\"http:\/\/lekcije.mfp.co.rs\/?page_id=94\" class=\"more-link\">\u041d\u0430\u0441\u0442\u0430\u0432\u0438\u0442\u0435 \u0441\u0430 \u0447\u0438\u0442\u0430\u045a\u0435\u043c <span class=\"screen-reader-text\">Internet kao medij<\/span> <span class=\"meta-nav\">&rarr;<\/span><\/a><\/p>\n","protected":false},"author":1,"featured_media":0,"parent":92,"menu_order":0,"comment_status":"open","ping_status":"closed","template":"","meta":{"footnotes":""},"_links":{"self":[{"href":"http:\/\/lekcije.mfp.co.rs\/index.php?rest_route=\/wp\/v2\/pages\/94"}],"collection":[{"href":"http:\/\/lekcije.mfp.co.rs\/index.php?rest_route=\/wp\/v2\/pages"}],"about":[{"href":"http:\/\/lekcije.mfp.co.rs\/index.php?rest_route=\/wp\/v2\/types\/page"}],"author":[{"embeddable":true,"href":"http:\/\/lekcije.mfp.co.rs\/index.php?rest_route=\/wp\/v2\/users\/1"}],"replies":[{"embeddable":true,"href":"http:\/\/lekcije.mfp.co.rs\/index.php?rest_route=%2Fwp%2Fv2%2Fcomments&post=94"}],"version-history":[{"count":2,"href":"http:\/\/lekcije.mfp.co.rs\/index.php?rest_route=\/wp\/v2\/pages\/94\/revisions"}],"predecessor-version":[{"id":308,"href":"http:\/\/lekcije.mfp.co.rs\/index.php?rest_route=\/wp\/v2\/pages\/94\/revisions\/308"}],"up":[{"embeddable":true,"href":"http:\/\/lekcije.mfp.co.rs\/index.php?rest_route=\/wp\/v2\/pages\/92"}],"wp:attachment":[{"href":"http:\/\/lekcije.mfp.co.rs\/index.php?rest_route=%2Fwp%2Fv2%2Fmedia&parent=94"}],"curies":[{"name":"wp","href":"https:\/\/api.w.org\/{rel}","templated":true}]}}