{"id":72,"date":"2015-04-22T11:31:20","date_gmt":"2015-04-22T09:31:20","guid":{"rendered":"http:\/\/lekcije.mfp.co.rs\/?page_id=72"},"modified":"2015-04-22T15:13:57","modified_gmt":"2015-04-22T13:13:57","slug":"3-1-0-pojam-i-tip-softvera","status":"publish","type":"page","link":"http:\/\/lekcije.mfp.co.rs\/?page_id=72","title":{"rendered":"3.1.0.Pojam i tip softvera"},"content":{"rendered":"<p>Funkcionalan ra\u010dunar se sastoji iz dve komponente:<\/p>\n<ul>\n<li><b>hardvera<\/b> (<i>hardware<\/i>) i<\/li>\n<li><b>softvera<\/b> (<i>software<\/i>).<\/li>\n<\/ul>\n<p>Ako niste, preporu\u010dujemo da se upoznate sa pojmom <a href=\"http:\/\/www.webnstudy.com\/tema.php?id=hardver\">ra\u010dunarskog hardvera<\/a>. Sam po sebi, \u010dak i najbolji hardver ne zna\u010di mnogo bez <b>programa koji ga pokre\u0107u i podataka sa kojima programi rade<\/b>. Upravo ti programi i podaci \u010dine <b>softverski sistem ra\u010dunara<\/b>. Kada se govori o softveru, prakti\u010dno se uvek misli na <b>ra\u010dunarske programe<\/b>.<\/p>\n<aside class=\"prf Daniel\">\n<div>Jedini softver koji je &#8222;ugra\u0111en&#8220; u hardveru PC ra\u010dunara je BIOS &#8211; bez njega, ra\u010dunar ne bi mogao ni da se pokrene.<\/div>\n<\/aside>\n<p>Softver se deli na tri zna\u010dajne grupe programa:<\/p>\n<ul>\n<li><b>sistemski softver<\/b> \u2013 operativni sistem ra\u010dunara;<\/li>\n<li><b>programski softver<\/b> \u2013 programi koji slu\u017ee za pisanje drugih programa;<\/li>\n<li><b>aplikativni softver<\/b> \u2013 programi pomo\u0107u kojih koristimo ra\u010dunar u bilo koje druge svrhe.<\/li>\n<\/ul>\n<p><b>Sistemski softver<\/b> ne predstavlja samo &#8222;goli&#8220; operativni sistem. U njega spadaju svi pomo\u0107ni programi koji imaju veze sa radom samog ra\u010dunara, a ne sa nekom drugom obla\u0161\u0107u. Ovakav softver \u010dak i ne mora (a \u010desto i nije) da bude proizvod kompanije koja je napravila operativni sistem. U nastavku ovog dela, mo\u017eete pro\u010ditati ne\u0161to vi\u0161e o sistemskom softveru.<\/p>\n<p><b>Programski softver<\/b> se (zavisno od ta\u010dke gledi\u0161ta) nekad posmatra kao nezavisna kategorija, a nekad kao deo sistemskog softvera. Nama se nekako \u010dini, po\u0161to ovaj sosftver slu\u017ei za kreiranje kako aplikativnog, tako i sistemskog softvera, da bismo ipak mogli da ga svrstamo u posebnu kategoriju. Da bismo napravili program za ra\u010dunar, koristimo <b>programski jezik<\/b>, a ne\u0161to vi\u0161e o tome mo\u017eete pro\u010ditati u tekstu o <a href=\"http:\/\/www.webnstudy.com\/tema.php?id=alg-programski-jezici\">programskim jezicima<\/a>.<\/p>\n<p><b>Aplikativni softver<\/b> su prakti\u010dno svi ostali programi koji ra\u010dunar pretvaraju u alat za poslovnu, grafi\u010dku, muzi\u010dku primenu. Pomo\u0107u ovih programa mo\u017eemo komunicirati ili se zabavljati. Dakle, aplikativni softver je sve ono \u0161to mo\u017eemo da radimo pomo\u0107u ra\u010dunara, a da nije vezano za sam ra\u010dunar. Softverom se bavimo na ovoj temi, pa slobodno nastavite da istra\u017eujete.<\/p>\n","protected":false},"excerpt":{"rendered":"<p>Funkcionalan ra\u010dunar se sastoji iz dve komponente: hardvera (hardware) i softvera (software). Ako niste, preporu\u010dujemo da se upoznate sa pojmom ra\u010dunarskog hardvera. Sam po sebi, \u010dak i najbolji hardver ne zna\u010di mnogo bez programa koji ga pokre\u0107u i podataka sa kojima programi rade. Upravo ti programi i podaci \u010dine softverski sistem ra\u010dunara. Kada se govori &hellip; <a href=\"http:\/\/lekcije.mfp.co.rs\/?page_id=72\" class=\"more-link\">\u041d\u0430\u0441\u0442\u0430\u0432\u0438\u0442\u0435 \u0441\u0430 \u0447\u0438\u0442\u0430\u045a\u0435\u043c <span class=\"screen-reader-text\">3.1.0.Pojam i tip softvera<\/span> <span class=\"meta-nav\">&rarr;<\/span><\/a><\/p>\n","protected":false},"author":1,"featured_media":0,"parent":139,"menu_order":0,"comment_status":"open","ping_status":"closed","template":"","meta":{"footnotes":""},"_links":{"self":[{"href":"http:\/\/lekcije.mfp.co.rs\/index.php?rest_route=\/wp\/v2\/pages\/72"}],"collection":[{"href":"http:\/\/lekcije.mfp.co.rs\/index.php?rest_route=\/wp\/v2\/pages"}],"about":[{"href":"http:\/\/lekcije.mfp.co.rs\/index.php?rest_route=\/wp\/v2\/types\/page"}],"author":[{"embeddable":true,"href":"http:\/\/lekcije.mfp.co.rs\/index.php?rest_route=\/wp\/v2\/users\/1"}],"replies":[{"embeddable":true,"href":"http:\/\/lekcije.mfp.co.rs\/index.php?rest_route=%2Fwp%2Fv2%2Fcomments&post=72"}],"version-history":[{"count":2,"href":"http:\/\/lekcije.mfp.co.rs\/index.php?rest_route=\/wp\/v2\/pages\/72\/revisions"}],"predecessor-version":[{"id":278,"href":"http:\/\/lekcije.mfp.co.rs\/index.php?rest_route=\/wp\/v2\/pages\/72\/revisions\/278"}],"up":[{"embeddable":true,"href":"http:\/\/lekcije.mfp.co.rs\/index.php?rest_route=\/wp\/v2\/pages\/139"}],"wp:attachment":[{"href":"http:\/\/lekcije.mfp.co.rs\/index.php?rest_route=%2Fwp%2Fv2%2Fmedia&parent=72"}],"curies":[{"name":"wp","href":"https:\/\/api.w.org\/{rel}","templated":true}]}}