{"id":50,"date":"2015-04-22T13:21:19","date_gmt":"2015-04-22T11:21:19","guid":{"rendered":"http:\/\/lekcije.mfp.co.rs\/?page_id=50"},"modified":"2015-08-27T10:15:10","modified_gmt":"2015-08-27T08:15:10","slug":"3-2-1-2-tipovi-ulaznih-uredaja-mis","status":"publish","type":"page","link":"http:\/\/lekcije.mfp.co.rs\/?page_id=50","title":{"rendered":"3.2.1.2.Tipovi ulaznih ure\u0111aja &#8211; Mi\u0161"},"content":{"rendered":"<p>Mi\u0161 predstavlja osnovni ure\u0111aj za unos pozicionih informacija. Iako se tokom godina menjao, osnovna namena mu je ostala ista. Pomeranjem mi\u0161a po podlozi ili stolu pomera se i pokaziva\u010d (<i>mouse pointer<\/i>) na ekranu. Klikom na neko dugme mi\u0161a poziva se odgovaraju\u0107a akcija operativnog sistema ili aplikacije.<\/p>\n<p>Mi\u0161eve mo\u017eemo podeliti na mehani\u010dke i opti\u010dke. <b>Mehani\u010dki mi\u0161evi<\/b> sa svoje donje strane imaju kuglicu kojom se registruje samo pomeranje mi\u0161a. Takvi mi\u0161evi bi se relativno brzo napunili pra\u0161inom koja se nakupljala na unutra\u0161njim to\u010dki\u0107ima, \u0161to je vremenom ote\u017eavalo rukovanje i zahtevalo redovno \u010di\u0161\u0107enje. Danas se mehani\u010dki mi\u0161evi sve re\u0111e koriste. <b>Opti\u010dki mi\u0161evi<\/b> umesto kuglice imaju lasersku diodu i opti\u010dki senzor koji registruje pomeranje mi\u0161a. Kvalitetniji mi\u0161evi imaju precizniju detekciju pokreta (tzv. rezoluciju).<\/p>\n<aside class=\"savet\">Kada su se pojavili, opti\u010dki mi\u0161evi su imali visoku cenu i zahtevali su posebnu podlogu na kojoj bi mi\u0161 morao da se uvek dr\u017ei pod pravim uglom. Danas se ovi mi\u0161evi mogu koristiti bez bilo kakvih ograni\u010denja, s tim \u0161to mogu biti osetljivi na odre\u0111en tip podloge (npr. ne bi funkcionisali na staklenom stolu).<\/aside>\n<p><b>Mi\u0161 mo\u017ee biti povezan kablom za ra\u010dunar ili be\u017ei\u010dni.<\/b> Be\u017ei\u010dni mi\u0161evi pru\u017eaju ve\u0107u slobodu u radu, ali zahtevaju baterije. Sa druge strane, be\u017ei\u010dni mi\u0161evi imaju ne\u0161to du\u017ee vreme reagovanja (sporiji prenos podataka do ra\u010dunara), pa su zbog toga mi\u0161evi namenjeni igrama (&#8222;gejmerski&#8220; mi\u0161evi) obi\u010dno o\u017ei\u010deni.<\/p>\n<figure>\n<div class=\"kont\"><img decoding=\"async\" src=\"http:\/\/www.webnstudy.com\/img\/pic-mouse.jpg\" alt=\"Gaming and office mouse - Gejmerski i kancelarijski mi\u0161\" width=\"500\" \/><\/div><figcaption>Gejmerski i kancelarijski mi\u0161 &#8211; obratite pa\u017enju na razliku u veli\u010dini<\/figcaption><\/figure>\n<p>Mi\u0161evi danas imaju minimalno dva tastera (levi i desni), kao i to\u010dki\u0107 za skrolovanje. Moderniji i gejmerski mi\u0161evi imaju i po desetak tastera kojima se mogu dodeliti razli\u010dite funkcije. Naravno, postoje i druge &#8222;minimalisti\u010dke&#8220; varijante mi\u0161eva, koje nemaju ni jedan taster, ve\u0107 podlogu osetljivu na dodir.<\/p>\n<figure>\n<div class=\"kont\"><img decoding=\"async\" src=\"http:\/\/www.webnstudy.com\/img\/pic-mouse-diff.jpg\" alt=\"Mouse with buttons and with touch surface - Mi\u0161 sa dugmi\u0107ima i sa dodirnom podlogom\" width=\"500\" \/><\/div><figcaption>Obi\u010dan mi\u0161 sa dugmi\u0107ima i mi\u0161 sa dodirnom podlogom<\/figcaption><\/figure>\n<aside class=\"savet\">Kada kupujete mi\u0161, obratite pa\u017enju na njegovu veli\u010dinu. Ne le\u017ei svaki mi\u0161 jednako u ruci. Ako je mi\u0161 premali, mo\u017eete imati problem sa pritiskanjem dugmi\u010da. Ako je preveliki, postoji problem sa njegovim pomeranjem po stolu i zamorom ruke ako ne mo\u017eemo da oslonimo \u0161aku na podlogu.<b>U prodavnici obavezno isprobajte kako vam mi\u0161 le\u017ei u \u0161aci.<\/b><\/aside>\n<h2>Na\u010din funkcionisanja opti\u010dkog mi\u0161a<span class=\"goTop\"><img decoding=\"async\" src=\"http:\/\/www.webnstudy.com\/graf\/glif-top.png\" alt=\"\" \/><\/span><\/h2>\n<p>Ovde \u0107emo ukratko objasniti kako radi opti\u010dki mi\u0161. Ovi mi\u0161evi nemaju kuglicu ve\u0107 emituju svetlost na povr\u0161inu. Izvor svetlosti mo\u017ee biti <b>LED lampica ili laser<\/b>. Laserski mi\u0161evi bi trebali da imaju vi\u0161u rezoluciju i da br\u017ee reaguju. Tako\u0111e, laserski mi\u0161evi se bolje pona\u0161aju na ugla\u010danim podlogama.<\/p>\n<figure>\n<div class=\"kont\"><img decoding=\"async\" src=\"http:\/\/www.webnstudy.com\/img\/pic-mouse-inside.jpg\" alt=\"Insides of an optical mouse - Opti\u010dki mi\u0161 iznutra\" width=\"500\" \/><\/div><figcaption>Oko to\u010dki\u0107a se nalaze mikroprekida\u010di, a opti\u010dki element je sa strane, povezan kabli\u0107ima<\/figcaption><\/figure>\n<p>Tako osvetljenu povr\u0161inu &#8222;snima&#8220; opti\u010dki senzor (prakti\u010dno, to je minijaturna crno-bela kamera). Ova kamera pravi snimke stotinama puta u sekundi. Ovi snimci se prenose u poseban \u010dip za obradu grafi\u010dkog signala. Na osnovu razlika izme\u0111u svaka dva uzastopna snimka, ovaj \u010dip utvr\u0111uje u kom pravcu i koliko brzo se mi\u0161 pomera. Taj podatak se onda prosle\u0111uje ra\u010dunaru.<\/p>\n<figure>\n<div class=\"kont\"><img decoding=\"async\" src=\"http:\/\/www.webnstudy.com\/img\/pic-mouse-inside-a.jpg\" alt=\"Insides of an optical mouse - Opti\u010dki mi\u0161 iznutra\" width=\"300\" \/><\/div>\n<div class=\"kont\"><img decoding=\"async\" src=\"http:\/\/www.webnstudy.com\/img\/pic-mouse-inside-b.jpg\" alt=\"Insides of an optical mouse - Opti\u010dki mi\u0161 iznutra\" width=\"300\" \/><\/div><figcaption>Svetlosna dioda i opti\u010dki senzor<\/figcaption><\/figure>\n<p>Ina\u010de, i ovaj mi\u0161 ima standardne dugmi\u0107e, kao i svaki drugi. Pritisak digmeta se prenosi na mikroprekida\u010d. Na modernim mi\u0161evima, mikroprekida\u010di ne postoje samo za levo i desno dugme, ve\u0107 i sa leve i desne strane to\u010dki\u0107a (&#8222;tiltovanje&#8220; to\u010dki\u0107a) kao i za pritisak to\u010dki\u0107a, \u0161to prakti\u010dno funkcioni\u0161e kao srednji taster.<\/p>\n<p><a href=\"http:\/\/lekcije.mfp.co.rs\/?page_id=52\">Slede\u0107a lekcija<\/a><\/p>\n","protected":false},"excerpt":{"rendered":"<p>Mi\u0161 predstavlja osnovni ure\u0111aj za unos pozicionih informacija. Iako se tokom godina menjao, osnovna namena mu je ostala ista. Pomeranjem mi\u0161a po podlozi ili stolu pomera se i pokaziva\u010d (mouse pointer) na ekranu. Klikom na neko dugme mi\u0161a poziva se odgovaraju\u0107a akcija operativnog sistema ili aplikacije. Mi\u0161eve mo\u017eemo podeliti na mehani\u010dke i opti\u010dke. Mehani\u010dki mi\u0161evi &hellip; <a href=\"http:\/\/lekcije.mfp.co.rs\/?page_id=50\" class=\"more-link\">\u041d\u0430\u0441\u0442\u0430\u0432\u0438\u0442\u0435 \u0441\u0430 \u0447\u0438\u0442\u0430\u045a\u0435\u043c <span class=\"screen-reader-text\">3.2.1.2.Tipovi ulaznih ure\u0111aja &#8211; Mi\u0161<\/span> <span class=\"meta-nav\">&rarr;<\/span><\/a><\/p>\n","protected":false},"author":1,"featured_media":0,"parent":46,"menu_order":0,"comment_status":"closed","ping_status":"closed","template":"","meta":{"footnotes":""},"_links":{"self":[{"href":"http:\/\/lekcije.mfp.co.rs\/index.php?rest_route=\/wp\/v2\/pages\/50"}],"collection":[{"href":"http:\/\/lekcije.mfp.co.rs\/index.php?rest_route=\/wp\/v2\/pages"}],"about":[{"href":"http:\/\/lekcije.mfp.co.rs\/index.php?rest_route=\/wp\/v2\/types\/page"}],"author":[{"embeddable":true,"href":"http:\/\/lekcije.mfp.co.rs\/index.php?rest_route=\/wp\/v2\/users\/1"}],"replies":[{"embeddable":true,"href":"http:\/\/lekcije.mfp.co.rs\/index.php?rest_route=%2Fwp%2Fv2%2Fcomments&post=50"}],"version-history":[{"count":5,"href":"http:\/\/lekcije.mfp.co.rs\/index.php?rest_route=\/wp\/v2\/pages\/50\/revisions"}],"predecessor-version":[{"id":344,"href":"http:\/\/lekcije.mfp.co.rs\/index.php?rest_route=\/wp\/v2\/pages\/50\/revisions\/344"}],"up":[{"embeddable":true,"href":"http:\/\/lekcije.mfp.co.rs\/index.php?rest_route=\/wp\/v2\/pages\/46"}],"wp:attachment":[{"href":"http:\/\/lekcije.mfp.co.rs\/index.php?rest_route=%2Fwp%2Fv2%2Fmedia&parent=50"}],"curies":[{"name":"wp","href":"https:\/\/api.w.org\/{rel}","templated":true}]}}