{"id":399,"date":"2015-10-08T00:02:01","date_gmt":"2015-10-07T22:02:01","guid":{"rendered":"http:\/\/lekcije.mfp.co.rs\/?page_id=399"},"modified":"2015-10-08T00:04:05","modified_gmt":"2015-10-07T22:04:05","slug":"pisanje-pisma","status":"publish","type":"page","link":"http:\/\/lekcije.mfp.co.rs\/?page_id=399","title":{"rendered":"Pisanje pisma"},"content":{"rendered":"<p>Pisanje elektronskog pisma se ne razlikuje od obi\u010dnog pisma.<\/p>\n<p>Prilikom pisanja pisma mora se imati u vidu da to \u0161to pi\u0161emo bude napisano mo\u017ee pro\u010ditati i neko kome to pismo nije namenjeno.<\/p>\n<p>Verovatno \u0107e neko pomisliti da su to sitnice kojima ne treba pridavati veliku va\u017enost, ali gre\u0161ke u pisanju pisama nekad nas mogu mnogo ko\u0161tati.<\/p>\n<p>Nekada se u \u0161kolama u\u010dilo pravilno pisanje pisama, a sada se to radi samo u \u0161kolama gde se u\u010di korespodencija. Me\u0111utim ovo su pravila koja svako treba da zna, jer se svakome desi da mora napisati pismo.<\/p>\n<p>Pa da krenemo.<\/p>\n<h3 style=\"text-align: center;\"><span style=\"color: #0000ff;\">Polje <strong>Kome<\/strong><\/span><\/h3>\n<p>Tu se pi\u0161e elektronska adresa primaoca. Pi\u0161e se sve malim slovima. Koriste se slova samo engleske latinice, jer programi za po\u0161tu ne razlikuju velika i mala slova.<\/p>\n<p>Neki programi dozvoljavaju da u to polje upi\u0161ete Ime i prezime osobe, a da elektronsku adresu napi\u0161ete izme\u0111u znakova &lt; i &gt;<\/p>\n<p>Na primer Janko Kovacevic &lt;janko@pc.com&gt;<\/p>\n<h3 style=\"text-align: center;\"><span style=\"color: #0000ff;\">Polje Kopija (ili CC)<\/span><\/h3>\n<p>Ukoliko \u017eelimo da napi\u0161emo pismo za vi\u0161e prijatelja, tj. da ga po\u0161aljemo na vi\u0161e adresa, tako da svaki primalac vidi kome je sve pismo poslato, koristimo polje Kopija, ili CC.<\/p>\n<p>Polje Skrivena kopija (BCC) se koristi kada \u017eelimo da po\u0161aljemo pismo na vi\u0161e adresa ali da primaoci ne znaju kome je sve pismo upu\u0107eno.<\/p>\n<h3 style=\"text-align: center;\"><span style=\"color: #0000ff;\">Polje naslov (title)<\/span><\/h3>\n<p>Ovo polje je veoma va\u017eno, iako ga mnogi izbegavaju.<\/p>\n<p>U ovo polje treba napisati kratak sadr\u017eaj pisma, kako bi primaoc pisma mogao lako da zna \u0161ta je sadr\u017eaj pisma, ili da prona\u0111e pismo u mno\u0161tvu pisama.<\/p>\n<p>De\u0161ava se da ljudi pismo bez naslova ne \u010ditaju, jer ga smatraju nepotrebnim, neva\u017enim.<\/p>\n<p>Nekada se de\u0161avalo da pisma bez naslova sadr\u017ee u sebi viruse, pa ga ljudi i ne otvaraju.<\/p>\n<p>U slu\u017ebenoj prepisci je to va\u017eno. Dajte da vidimo \u0161ta je tema va\u0161eg obra\u0107anja. Lak\u0161e \u0107ete skrenuti pa\u017enju na svoje pismo ako sa\u017emete svoju temu u <strong>Naslov pisma<\/strong>.<\/p>\n<p><strong>\u0160to se ti\u010de sadr\u017eaja predmeta va\u017ei pravilo:<span class=\"Apple-converted-space\">\u00a0<\/span><em>Reci<\/em><\/strong>, a ne,<span class=\"Apple-converted-space\">\u00a0<\/span><strong><em>peci<span class=\"Apple-converted-space\">\u00a0<\/span>na tihoj vatri.<\/em><\/strong><\/p>\n<h3 style=\"text-align: center;\"><span style=\"color: #0000ff;\">Telo teksta, sadr\u017eaj pisma<\/span><\/h3>\n<p>Za razliku od klasi\u010dnog pisma koje je imalo u telu teksta i adrese po\u0161iljaoca i primaoca, datume slanja i druge podatke, ovi podaci su nepotrebni u telu pisma, jer se oni nalaze u samom pismu.<\/p>\n<p>Pismo &#8211; tekst pisma, po\u010dinjemo velikim slovom, sa obra\u0107anjem, pozdravom,<\/p>\n<h5>Pozdrav:<\/h5>\n<blockquote><p>Po\u0161tovani,<\/p>\n<p>Samo ako ne znate kome se ta\u010dno obra\u0107ate, pa jo\u0161 pride ne znate ni kojeg je pola.<\/p><\/blockquote>\n<p>Ako vam je poznato ime primaoca a \u017eensko je, u prvom pismu koristite i njeno ime i prezime:<\/p>\n<blockquote><p>Po\u0161tovana Marija Jaki\u0107<\/p>\n<p>Drago mi je \u0161to smo imale priliku da se sretnemo.<\/p><\/blockquote>\n<p><strong>Posle obra\u0107anja \u2013 pozdrava,<\/strong><\/p>\n<p><strong>nakon zareza,<\/strong><\/p>\n<p><strong>u novom redu<\/strong><\/p>\n<p><strong>ide veliko slovo!<\/strong><\/p>\n<p><em>Bra\u010dno-statusne odrednice tipa<strong><span class=\"Apple-converted-space\">\u00a0<\/span>\u201cgospo\u0111ice\u201d<span class=\"Apple-converted-space\">\u00a0<\/span><\/strong>trudite se da ne koristite, bez ozbira \u0161to va\u0161a adresatkinja nije udata i to sa sigurno\u0161\u0107u znate. To nije pristojno ni u kafani, a kamoli u poslovnoj komunikaciji.<\/em><\/p>\n<p><em>Jedno \u201cgospo\u0111o\u201d mo\u017ee sasvim lepo da bude u funkciji civilizovanog po\u010detka va\u0161eg pisma, a za bliskije varijante komunikacije, \u201cDraga Melanija\u201d, bi\u0107e vremena u narednom pismu, nakon \u0161to se dobili odgovor.<\/em><\/p>\n<p><em>Obra\u0107anje mu\u0161karcima je lak\u0161e, mi i tako nemamo izraz kao \u0161to je \u201cgospodi\u010di\u0107\u201d za neo\u017eenjenu osobu mu\u0161kog pola. Hm, nije li to osvojen prostor za diskriminaciju?<\/em><\/p>\n<h4 style=\"text-align: center;\"><span style=\"color: #0000ff;\">Sadr\u017eaj pisma<\/span><\/h4>\n<p>Najva\u017eniji deo va\u0161eg obra\u0107anja. Ne po\u010dinjite sa \u201cja\u201d i nemojte da koristite li\u010dni ton. Svaku novu temu smestite u novi pasus. Slobodni ste da boldujete ili podvu\u010dete re\u010di koje \u0107e \u010ditaocu prilikom skeniranja va\u0161eg pisma skrenuti pa\u017enju na va\u0161u temu i zainteresovati ga za vas ili za ono \u0161to imate da ka\u017eete.<\/p>\n<p>Pi\u0161ite uvek jasno, bez skra\u010denica koje samo vi znate, ili ste ih ba\u0161 tog trenutka izmislili.<\/p>\n<p>Pi\u0161ite, po\u0161tuju\u0107i sva pravopisna pravila.<\/p>\n<p>Budite kratki i precizni. Proverite slovne, gramati\u010dke i pravopisne gre\u0161ke pre slanja.<\/p>\n<h4 style=\"text-align: center;\"><span style=\"color: #0000ff;\">Otpozdrav:<\/span><\/h4>\n<p>Srda\u010dno, S po\u0161tovanjem (<strong>a ne S\u2019 po\u0161tovanjem<\/strong>)\u2026 i ne Pozdrav, Pozz ili \u010cujemo se,<\/p>\n<h4 style=\"text-align: center;\"><span style=\"color: #0000ff;\">Potpis:<\/span><\/h4>\n<p>Otkucajte svoje puno<\/p>\n<p><strong>ime \u00a0prezime, funkciju ili poslovni polo\u017eaj<span class=\"Apple-converted-space\">\u00a0<\/span><\/strong>(ako je va\u017eno)<\/p>\n<p>ili<\/p>\n<p><strong>ime prezime<\/strong><\/p>\n<p><strong>funkciju<\/strong><\/p>\n<h3 style=\"text-align: center;\"><span style=\"color: #0000ff;\">Prilozi<\/span><\/h3>\n<p>Uz pismo mo\u017eete prilo\u017eiti datoteke klikom na spajalicu.<\/p>\n<p>Sadr\u017eaj datoteka bi trebalo da se odnosi na pismo koje \u0161aljete.<\/p>\n<p>Naravno vodite uvek ra\u010duna o gre\u0161kama.<\/p>\n<p>Pro\u010ditajte sve par puta pre nego \u0161to kliknete na <strong>Po\u0161alji<\/strong>.<\/p>\n<p>&nbsp;<\/p>\n","protected":false},"excerpt":{"rendered":"<p>Pisanje elektronskog pisma se ne razlikuje od obi\u010dnog pisma. Prilikom pisanja pisma mora se imati u vidu da to \u0161to pi\u0161emo bude napisano mo\u017ee pro\u010ditati i neko kome to pismo nije namenjeno. Verovatno \u0107e neko pomisliti da su to sitnice kojima ne treba pridavati veliku va\u017enost, ali gre\u0161ke u pisanju pisama nekad nas mogu mnogo &hellip; <a href=\"http:\/\/lekcije.mfp.co.rs\/?page_id=399\" class=\"more-link\">\u041d\u0430\u0441\u0442\u0430\u0432\u0438\u0442\u0435 \u0441\u0430 \u0447\u0438\u0442\u0430\u045a\u0435\u043c <span class=\"screen-reader-text\">Pisanje pisma<\/span> <span class=\"meta-nav\">&rarr;<\/span><\/a><\/p>\n","protected":false},"author":1,"featured_media":0,"parent":0,"menu_order":0,"comment_status":"closed","ping_status":"closed","template":"","meta":{"footnotes":""},"_links":{"self":[{"href":"http:\/\/lekcije.mfp.co.rs\/index.php?rest_route=\/wp\/v2\/pages\/399"}],"collection":[{"href":"http:\/\/lekcije.mfp.co.rs\/index.php?rest_route=\/wp\/v2\/pages"}],"about":[{"href":"http:\/\/lekcije.mfp.co.rs\/index.php?rest_route=\/wp\/v2\/types\/page"}],"author":[{"embeddable":true,"href":"http:\/\/lekcije.mfp.co.rs\/index.php?rest_route=\/wp\/v2\/users\/1"}],"replies":[{"embeddable":true,"href":"http:\/\/lekcije.mfp.co.rs\/index.php?rest_route=%2Fwp%2Fv2%2Fcomments&post=399"}],"version-history":[{"count":3,"href":"http:\/\/lekcije.mfp.co.rs\/index.php?rest_route=\/wp\/v2\/pages\/399\/revisions"}],"predecessor-version":[{"id":403,"href":"http:\/\/lekcije.mfp.co.rs\/index.php?rest_route=\/wp\/v2\/pages\/399\/revisions\/403"}],"wp:attachment":[{"href":"http:\/\/lekcije.mfp.co.rs\/index.php?rest_route=%2Fwp%2Fv2%2Fmedia&parent=399"}],"curies":[{"name":"wp","href":"https:\/\/api.w.org\/{rel}","templated":true}]}}