{"id":38,"date":"2015-04-22T13:21:35","date_gmt":"2015-04-22T11:21:35","guid":{"rendered":"http:\/\/lekcije.mfp.co.rs\/?page_id=38"},"modified":"2015-08-28T08:40:36","modified_gmt":"2015-08-28T06:40:36","slug":"3-2-4-procesor","status":"publish","type":"page","link":"http:\/\/lekcije.mfp.co.rs\/?page_id=38","title":{"rendered":"3.2.4.Procesor"},"content":{"rendered":"<p><b>Procesor<\/b> (<i>CPU \u2013 Central Processing Unit<\/i>) je centralni deo svakog ra\u010dunara. Da bi ra\u010dunar radio potreban mu je program, a upravo je procesor taj koji izvr\u0161ava komande zadate u programu. Prvi mikroprocesor proizvela je firma Intel 1971. godine. Bio je to 4-bitni procesor <b>Intel 4004<\/b>. Imao je 2300 tranzistora i radio na radnom taktu od 108 KHz.<\/p>\n<aside class=\"savet\">Iako je tehnolo\u0161ki jako napredovao, su\u0161tinski, procesor se nije promenio ve\u0107 decenijama. Ako se pitate da li bi program sli\u010dan Word-u ili 3D kompjuterskoj igri mogao da se napravi za nekada\u0161nje procesore ku\u0107nih ra\u010dunara, kakvi su bili Commodore 64 ili ZX Spectrum, odgovor je \u2013 DA , ali bi kreiranje jedne jedine slike iz neke od modernih igara na takvom procesoru verovatno trajalo mesecima.Naravno, ovo bi moglo da se izvede samo u teoriji, po\u0161to takvi ra\u010dunari nisu imali dovoljno memorije, niti mogu\u0107nosti da prika\u017eu grafiku visoke rezolucije sa velikim brojem boja.<\/aside>\n<p><span style=\"color: #ff0000;\"><b>Osnovna karakteristika procesora<\/b>, koja interesuje kupca, <b>jeste njegova brzina<\/b>,<\/span> odnosno koliko brzo mo\u017ee izvr\u0161avati instrukcije zadate u programu. Ako je procesor br\u017ei, na ra\u010dunaru mo\u017eemo pokrenuti kompleksnije programe. <b>Brzina zavisi od nekoliko faktora.<\/b> Kako su se procesori razvijali, tako su se i ovi faktori menjali. Neki od osnovnih su:<\/p>\n<ul>\n<li><b>arhitektura procesora<\/b> \u2013 noviji procesor sa boljim konstruktorskim re\u0161enjima i vi\u0161e tranzistora \u0107e svakako biti br\u017ei (Intel Core 2 je br\u017ei od starijeg Pentiuma 4, \u010dak iako rade na istom radnom taktu);<\/li>\n<li><b>radni takt<\/b> \u2013 takt po kome radi procesor, \u0161to je ve\u0107i takt procesor \u0107e br\u017ee raditi (Pentium 4 na 2GHz je br\u017ei od istog procesora na 1,6GHz);<\/li>\n<li><b>\u0161irina procesorske re\u010di<\/b> \u2013 broj bitova sa kojim procesor mo\u017ee da radi u jednom trenutku \u2013 \u0161to je ve\u0107i, procesor \u0107e raditi br\u017ee (64-bitni procesori su br\u017ei od 32-bitnih);<\/li>\n<li><b>prisustvo i veli\u010dina ke\u0161a<\/b> (<i>cache<\/i>) \u2013 priru\u010dna procesorska memorija velike brzine &#8211; ve\u0107a koli\u010dina ke\u0161a zna\u010di i ve\u0107u brzinu procesora.<\/li>\n<\/ul>\n<p>U dana\u0161nje vreme pove\u0107avanja mobilnosti, kada imamo sve vi\u0161e smartfona i tablet ure\u0111aja, sve vi\u0161e pa\u017enje se obra\u0107a na <b>potro\u0161nju elektri\u010dne energije<\/b>, kao drugu bitnu karakteristiku procesora.<\/p>\n<p><a href=\"http:\/\/lekcije.mfp.co.rs\/?page_id=42\">Slede\u0107a lekcija<\/a><\/p>\n","protected":false},"excerpt":{"rendered":"<p>Procesor (CPU \u2013 Central Processing Unit) je centralni deo svakog ra\u010dunara. Da bi ra\u010dunar radio potreban mu je program, a upravo je procesor taj koji izvr\u0161ava komande zadate u programu. Prvi mikroprocesor proizvela je firma Intel 1971. godine. Bio je to 4-bitni procesor Intel 4004. Imao je 2300 tranzistora i radio na radnom taktu od &hellip; <a href=\"http:\/\/lekcije.mfp.co.rs\/?page_id=38\" class=\"more-link\">\u041d\u0430\u0441\u0442\u0430\u0432\u0438\u0442\u0435 \u0441\u0430 \u0447\u0438\u0442\u0430\u045a\u0435\u043c <span class=\"screen-reader-text\">3.2.4.Procesor<\/span> <span class=\"meta-nav\">&rarr;<\/span><\/a><\/p>\n","protected":false},"author":1,"featured_media":0,"parent":144,"menu_order":0,"comment_status":"closed","ping_status":"closed","template":"","meta":{"footnotes":""},"_links":{"self":[{"href":"http:\/\/lekcije.mfp.co.rs\/index.php?rest_route=\/wp\/v2\/pages\/38"}],"collection":[{"href":"http:\/\/lekcije.mfp.co.rs\/index.php?rest_route=\/wp\/v2\/pages"}],"about":[{"href":"http:\/\/lekcije.mfp.co.rs\/index.php?rest_route=\/wp\/v2\/types\/page"}],"author":[{"embeddable":true,"href":"http:\/\/lekcije.mfp.co.rs\/index.php?rest_route=\/wp\/v2\/users\/1"}],"replies":[{"embeddable":true,"href":"http:\/\/lekcije.mfp.co.rs\/index.php?rest_route=%2Fwp%2Fv2%2Fcomments&post=38"}],"version-history":[{"count":5,"href":"http:\/\/lekcije.mfp.co.rs\/index.php?rest_route=\/wp\/v2\/pages\/38\/revisions"}],"predecessor-version":[{"id":382,"href":"http:\/\/lekcije.mfp.co.rs\/index.php?rest_route=\/wp\/v2\/pages\/38\/revisions\/382"}],"up":[{"embeddable":true,"href":"http:\/\/lekcije.mfp.co.rs\/index.php?rest_route=\/wp\/v2\/pages\/144"}],"wp:attachment":[{"href":"http:\/\/lekcije.mfp.co.rs\/index.php?rest_route=%2Fwp%2Fv2%2Fmedia&parent=38"}],"curies":[{"name":"wp","href":"https:\/\/api.w.org\/{rel}","templated":true}]}}