{"id":274,"date":"2015-04-22T14:44:29","date_gmt":"2015-04-22T12:44:29","guid":{"rendered":"http:\/\/lekcije.mfp.co.rs\/?page_id=274"},"modified":"2015-08-27T09:00:07","modified_gmt":"2015-08-27T07:00:07","slug":"osnove-racunarske-tehnike","status":"publish","type":"page","link":"http:\/\/lekcije.mfp.co.rs\/?page_id=274","title":{"rendered":"Osnove ra\u010dunarske tehnike"},"content":{"rendered":"<p>Predavanja iz osnova ra\u010dunarske tehnike je podeljen na 16 lekcija.<\/p>\n<ol>\n<li><a title=\"1. Pojam i predmet izu\u010davanja ra\u010dunarstva i informatike\" href=\"http:\/\/lekcije.mfp.co.rs\/?page_id=127\">Istorijski razvoj ra\u010dunarstva<\/a><\/li>\n<li><a title=\"2. Primena ra\u010dunarskih sistema u raznim oblastima\" href=\"http:\/\/lekcije.mfp.co.rs\/?page_id=129\">Primena ra\u010dunarskih sistema u raznim oblastima<\/a><\/li>\n<li><a title=\"3. STRUKTURA RA\u010cUNARSKOG SISTEMA\" href=\"http:\/\/lekcije.mfp.co.rs\/?page_id=132\">Struktura ra\u010dunarskog sistema, hardver i komponente, operativni sistemi, softveri<\/a><\/li>\n<li><a title=\"4. NA\u010cIN KORI\u0160\u0106ENJA I MERE ZA\u0160TITE\" href=\"http:\/\/lekcije.mfp.co.rs\/?page_id=141\">Na\u010din kori\u0161\u0107enja i mere za\u0161tite<\/a><\/li>\n<li>Pode\u0161avanje radnog okru\u017eenja, rad sa prozorima<\/li>\n<li>Datoteke i datote\u010dni sistem,<\/li>\n<li>Aktivnosti sa\u00a0datotekama, rad u ra\u010dunarskoj mre\u017ei, arhiviranje datoteka<\/li>\n<\/ol>\n<p>&nbsp;<\/p>\n<p><a href=\"http:\/\/lekcije.mfp.co.rs\/\">Slede\u0107a lekcija<\/a><\/p>\n","protected":false},"excerpt":{"rendered":"<p>Predavanja iz osnova ra\u010dunarske tehnike je podeljen na 16 lekcija. Istorijski razvoj ra\u010dunarstva Primena ra\u010dunarskih sistema u raznim oblastima Struktura ra\u010dunarskog sistema, hardver i komponente, operativni sistemi, softveri Na\u010din kori\u0161\u0107enja i mere za\u0161tite Pode\u0161avanje radnog okru\u017eenja, rad sa prozorima Datoteke i datote\u010dni sistem, Aktivnosti sa\u00a0datotekama, rad u ra\u010dunarskoj mre\u017ei, arhiviranje datoteka &nbsp; Slede\u0107a lekcija<\/p>\n","protected":false},"author":1,"featured_media":0,"parent":0,"menu_order":0,"comment_status":"closed","ping_status":"closed","template":"","meta":{"footnotes":""},"_links":{"self":[{"href":"http:\/\/lekcije.mfp.co.rs\/index.php?rest_route=\/wp\/v2\/pages\/274"}],"collection":[{"href":"http:\/\/lekcije.mfp.co.rs\/index.php?rest_route=\/wp\/v2\/pages"}],"about":[{"href":"http:\/\/lekcije.mfp.co.rs\/index.php?rest_route=\/wp\/v2\/types\/page"}],"author":[{"embeddable":true,"href":"http:\/\/lekcije.mfp.co.rs\/index.php?rest_route=\/wp\/v2\/users\/1"}],"replies":[{"embeddable":true,"href":"http:\/\/lekcije.mfp.co.rs\/index.php?rest_route=%2Fwp%2Fv2%2Fcomments&post=274"}],"version-history":[{"count":4,"href":"http:\/\/lekcije.mfp.co.rs\/index.php?rest_route=\/wp\/v2\/pages\/274\/revisions"}],"predecessor-version":[{"id":322,"href":"http:\/\/lekcije.mfp.co.rs\/index.php?rest_route=\/wp\/v2\/pages\/274\/revisions\/322"}],"wp:attachment":[{"href":"http:\/\/lekcije.mfp.co.rs\/index.php?rest_route=%2Fwp%2Fv2%2Fmedia&parent=274"}],"curies":[{"name":"wp","href":"https:\/\/api.w.org\/{rel}","templated":true}]}}