{"id":141,"date":"2015-04-22T12:50:55","date_gmt":"2015-04-22T10:50:55","guid":{"rendered":"http:\/\/lekcije.mfp.co.rs\/?page_id=141"},"modified":"2015-08-27T09:35:51","modified_gmt":"2015-08-27T07:35:51","slug":"4-nacin-koriscenja-i-mere-zastite","status":"publish","type":"page","link":"http:\/\/lekcije.mfp.co.rs\/?page_id=141","title":{"rendered":"4. NA\u010cIN KORI\u0160\u0106ENJA I MERE ZA\u0160TITE"},"content":{"rendered":"<p>ERGONOMIJA<\/p>\n<p>Ergonomija je nau\u010dna disciplina koja se bavi odnosom (interakcijom) \u010doveka i ma\u0161ine.<br \/>\nNau\u010dnici koji se bave ergonomijom dali su nekoliko sugestija u cilju eliminisanja potencijalnih medicinskih i fizi\u010dkih problema ljudi usled svakodnevnog vi\u0161e\u010dasovnog kori\u0161\u0107enja ra\u010dunara.<\/p>\n<p>Stolica treba da bude postavljena tako da korisniku omogu\u0107ava pravilan polo\u017eaj u odnosu na ekran.<br \/>\nPo\u017eeljno je da ima mogu\u0107nost pode\u0161avanja visine i naslona. Treba sedeti uspravne ki\u010dme, na celoj stolici sa stopalima jedno pored drugog ili da je jedna noga isturena ispred druge.<\/p>\n<p><a href=\"http:\/\/lekcije.mfp.co.rs\/wp-content\/uploads\/2015\/04\/POZICIJA-STOLICE.jpg\"><img decoding=\"async\" loading=\"lazy\" class=\"alignnone size-medium wp-image-142\" src=\"http:\/\/lekcije.mfp.co.rs\/wp-content\/uploads\/2015\/04\/POZICIJA-STOLICE-219x300.jpg\" alt=\"POZICIJA STOLICE\" width=\"219\" height=\"300\" srcset=\"http:\/\/lekcije.mfp.co.rs\/wp-content\/uploads\/2015\/04\/POZICIJA-STOLICE-219x300.jpg 219w, http:\/\/lekcije.mfp.co.rs\/wp-content\/uploads\/2015\/04\/POZICIJA-STOLICE.jpg 257w\" sizes=\"(max-width: 219px) 100vw, 219px\" \/><\/a><\/p>\n<p>Ekran mora da bude udaljen 35-50 cm od o\u010diju korisnika.<br \/>\nKorisnik gornju ivicu ekrana treba da gleda pod uglom od 10\u00b0 a centar pod uglom od -20\u00b0<\/p>\n<p>Monitor treba da ima dobro pode\u0161en fokus i osvetljenje ( 3-5 puta ja\u010de nego svetlo u prostoriji) kao i da nema treptaja slike. Najpo\u017eeljnije je za osvetljenje prostorija koristiti pokretne lampe. Ra\u010dunar treba postaviti tako da nema reflekcije.<\/p>\n<p>&nbsp;<\/p>\n<p>Tastatura i mi\u0161 treba da su postavljeni tako da ruka ima pun oslonac odnosno da cela podlaktica i lakat bude oslonjen na radni sto.<\/p>\n<p>Tastatura treba da je centrirana u odnosu na \u010doveka a mi\u0161 maksimalno blizu tastature.<\/p>\n<p>&nbsp;<\/p>\n<p>Pauze u radu<\/p>\n<p>&#8211; Treba ih praviti kada se oseti zamor ili uko\u010denost od mi\u0161a ili tastature. Zamor o\u010diju od gledanja u monitor<br \/>\n&#8211; Ako su umereni vizuelni zahtevi ili optere\u0107enje preporu\u010duje se 15 minuta pauze na svaka dva sata intenzivnog rada.<br \/>\n&#8211; Ako su vevliki vizuelni zahtevi, veliko radno optere\u0107enje preporu\u010duje se pauza 10-15 minuta na svaki sat.<\/p>\n<p><a href=\"http:\/\/lekcije.mfp.co.rs\/?page_id=24\">Slede\u0107a lekcija<\/a><\/p>\n","protected":false},"excerpt":{"rendered":"<p>ERGONOMIJA Ergonomija je nau\u010dna disciplina koja se bavi odnosom (interakcijom) \u010doveka i ma\u0161ine. Nau\u010dnici koji se bave ergonomijom dali su nekoliko sugestija u cilju eliminisanja potencijalnih medicinskih i fizi\u010dkih problema ljudi usled svakodnevnog vi\u0161e\u010dasovnog kori\u0161\u0107enja ra\u010dunara. Stolica treba da bude postavljena tako da korisniku omogu\u0107ava pravilan polo\u017eaj u odnosu na ekran. Po\u017eeljno je da ima &hellip; <a href=\"http:\/\/lekcije.mfp.co.rs\/?page_id=141\" class=\"more-link\">\u041d\u0430\u0441\u0442\u0430\u0432\u0438\u0442\u0435 \u0441\u0430 \u0447\u0438\u0442\u0430\u045a\u0435\u043c <span class=\"screen-reader-text\">4. NA\u010cIN KORI\u0160\u0106ENJA I MERE ZA\u0160TITE<\/span> <span class=\"meta-nav\">&rarr;<\/span><\/a><\/p>\n","protected":false},"author":1,"featured_media":0,"parent":274,"menu_order":0,"comment_status":"closed","ping_status":"closed","template":"","meta":{"footnotes":""},"_links":{"self":[{"href":"http:\/\/lekcije.mfp.co.rs\/index.php?rest_route=\/wp\/v2\/pages\/141"}],"collection":[{"href":"http:\/\/lekcije.mfp.co.rs\/index.php?rest_route=\/wp\/v2\/pages"}],"about":[{"href":"http:\/\/lekcije.mfp.co.rs\/index.php?rest_route=\/wp\/v2\/types\/page"}],"author":[{"embeddable":true,"href":"http:\/\/lekcije.mfp.co.rs\/index.php?rest_route=\/wp\/v2\/users\/1"}],"replies":[{"embeddable":true,"href":"http:\/\/lekcije.mfp.co.rs\/index.php?rest_route=%2Fwp%2Fv2%2Fcomments&post=141"}],"version-history":[{"count":4,"href":"http:\/\/lekcije.mfp.co.rs\/index.php?rest_route=\/wp\/v2\/pages\/141\/revisions"}],"predecessor-version":[{"id":362,"href":"http:\/\/lekcije.mfp.co.rs\/index.php?rest_route=\/wp\/v2\/pages\/141\/revisions\/362"}],"up":[{"embeddable":true,"href":"http:\/\/lekcije.mfp.co.rs\/index.php?rest_route=\/wp\/v2\/pages\/274"}],"wp:attachment":[{"href":"http:\/\/lekcije.mfp.co.rs\/index.php?rest_route=%2Fwp%2Fv2%2Fmedia&parent=141"}],"curies":[{"name":"wp","href":"https:\/\/api.w.org\/{rel}","templated":true}]}}