{"id":107,"date":"2015-04-22T11:56:29","date_gmt":"2015-04-22T09:56:29","guid":{"rendered":"http:\/\/lekcije.mfp.co.rs\/?page_id=107"},"modified":"2015-05-27T10:36:41","modified_gmt":"2015-05-27T08:36:41","slug":"elektronska-komunikacija-email","status":"publish","type":"page","link":"http:\/\/lekcije.mfp.co.rs\/?page_id=107","title":{"rendered":"Elektronska komunikacija &#8211; email"},"content":{"rendered":"<p>Elektronska po\u0161ta (e-mail) predstavlja najosnovniji na\u010din komuniciranja putem Interneta. U pitanju je sistem za slanje i primanje tekstualnih poruka i prate\u0107ih fajlova. Primalac ne mora biti u tom trenutku prisutan na Internetu da bi primio poruku, po\u0161to se ona najpre skladi\u0161ti u elektronskom \u201esandu\u010detu\u201c na serveru dok ne bude preba\u010dena na ra\u010dunar korisnika.<\/p>\n<p>E-mail je dostupan kao samostalan servis putem specifi\u010dne aplikacije ili preko web-a, kao webmail. Ukoliko se koristi samostalna aplikacija, poruke se uobi\u010dajeno bri\u0161u sa servera kada se proslede korisniku, dok kod web-mail servisa poruke postoje samo na serveru, a korisnik ih odatle mo\u017ee pro\u010ditati pomo\u0107u web \u010dita\u010da.<\/p>\n<figure>\n<div class=\"kont\"><img decoding=\"async\" src=\"http:\/\/www.webnstudy.com\/img\/soft-thunderbird.jpg\" alt=\"\" width=\"400\" \/><\/div><figcaption>E-mail u aplikaciji <b>Thunderbird<\/b> (Mozilla)<\/figcaption><\/figure>\n<p>Da bi korisnik poslao\/primio e-mail, potrebno je da ima mail adresu, koja se razlikuje od web adrese sajta. Ove adrese je lako prepoznati po specifi\u010dnom znaku &#8222;<b>@<\/b>&#8220; (\u010dita se \u00a0&#8222;na&#8220;), koji se obi\u010dno izgovara kao &#8222;et&#8220; (engl. &#8222;at&#8220;). Forma mail adrese:<\/p>\n<p><code>[korisni\u010dko ime]@[domen]<\/code><\/p>\n<p>Primer pera@gmail.com se \u010dita pera na domenu gmail.com<\/p>\n<p>&nbsp;<\/p>\n<p>Pored adrese, korisnik mora imati tajnu \u0161ifru i parametre (pode\u0161avanja servera i protokola) za pristup ovom servisu. Kada se poruka \u0161alje, postoji nekoliko polja koja se mogu popuniti:<\/p>\n<table>\n<tbody>\n<tr>\n<th>Polje<\/th>\n<th>Opis<\/th>\n<\/tr>\n<tr>\n<td><b>FROM<\/b><\/td>\n<td>E-mail adresa po\u0161iljaoca poruke. Ovo polje je obavezno, mada neki programi za slanje e-po\u0161te daju mogu\u0107nost unosa la\u017ene adrese, kako bi se omogu\u0107ile prevare i napadi.<\/td>\n<\/tr>\n<tr>\n<td><b>TO<\/b><\/td>\n<td>E-mail adresa primaoca poruke. Ovo polje je uvek obavezno.<\/td>\n<\/tr>\n<tr>\n<td><b>CC<\/b><\/td>\n<td>Ukoliko je potrebno poslati poruku na vi\u0161e adresa, te adrese se mogu navesti u polju CC (Carbon Copy), odvojene zarezom. Ve\u0107 dugo vremena je mogu\u0107e isto to u\u010diniti i u polju TO. Neki serveri ograni\u010davaju broj adresa na koje je mogu\u0107e poslati poruku da bi se spre\u010dilo slanje SPAM poruka.<\/td>\n<\/tr>\n<tr>\n<td><b>BCC<\/b><\/td>\n<td>Polje BCC (Blind Carbon Copy) tako\u0111e slu\u017ei ukoliko \u017eelimo da i drugi korisnici dobiju poruku, ali tako da se ne vidi kome je jo\u0161 poruka poslata (TO i CC su uvek vidljiva).<\/td>\n<\/tr>\n<tr>\n<td><b>REPLY-TO<\/b><\/td>\n<td>Predstavlja mail adresu na koju bi primalac trebalo da odgovori, u slu\u010daju da je ta adresa druga\u010dija od adrese po\u0161iljaoca iz FROM polja.<\/td>\n<\/tr>\n<tr>\n<td><b>SUBJECT<\/b><\/td>\n<td>Ovo polje predstavlja naziv poruke. Iako nije obavezno, preporu\u010dljivo je da se navede.<\/td>\n<\/tr>\n<\/tbody>\n<\/table>\n<p>Svaka e-mail poruka bi trebalo da sadr\u017ei tekst i eventualno pridodate fajlove. Veoma je bitno imati u vidu da je ve\u0107ina mail servera pode\u0161ena tako da ne prihvataju poruke koje prevazilaze odre\u0111enu veli\u010dinu, kao i da \u201esandu\u010de\u201c ima odre\u0111eni kapacitet koji mo\u017ee biti lako popunjen ako se uz poruku \u0161alju i veliki fajlovi.<\/p>\n<p>Kori\u0161\u0107enjem mailing liste mogu\u0107e je poslati istu poruku na vi\u0161e adresa. Za ovo se mo\u017ee koristiti obi\u010dan e-mail klijent ili specijalizovana aplikacija. Jedan od negativnih vidova mailing liste je SPAM. U pitanju su ne\u017eeljene e-mail poruke kojima se reklamiraju razli\u010diti proizvodi i usluge.<\/p>\n<p><a href=\"http:\/\/lekcije.mfp.co.rs\/?page_id=100\">Slede\u0107a lekcija<\/a><\/p>\n","protected":false},"excerpt":{"rendered":"<p>Elektronska po\u0161ta (e-mail) predstavlja najosnovniji na\u010din komuniciranja putem Interneta. U pitanju je sistem za slanje i primanje tekstualnih poruka i prate\u0107ih fajlova. Primalac ne mora biti u tom trenutku prisutan na Internetu da bi primio poruku, po\u0161to se ona najpre skladi\u0161ti u elektronskom \u201esandu\u010detu\u201c na serveru dok ne bude preba\u010dena na ra\u010dunar korisnika. E-mail je &hellip; <a href=\"http:\/\/lekcije.mfp.co.rs\/?page_id=107\" class=\"more-link\">\u041d\u0430\u0441\u0442\u0430\u0432\u0438\u0442\u0435 \u0441\u0430 \u0447\u0438\u0442\u0430\u045a\u0435\u043c <span class=\"screen-reader-text\">Elektronska komunikacija &#8211; email<\/span> <span class=\"meta-nav\">&rarr;<\/span><\/a><\/p>\n","protected":false},"author":1,"featured_media":0,"parent":92,"menu_order":0,"comment_status":"open","ping_status":"closed","template":"","meta":{"footnotes":""},"_links":{"self":[{"href":"http:\/\/lekcije.mfp.co.rs\/index.php?rest_route=\/wp\/v2\/pages\/107"}],"collection":[{"href":"http:\/\/lekcije.mfp.co.rs\/index.php?rest_route=\/wp\/v2\/pages"}],"about":[{"href":"http:\/\/lekcije.mfp.co.rs\/index.php?rest_route=\/wp\/v2\/types\/page"}],"author":[{"embeddable":true,"href":"http:\/\/lekcije.mfp.co.rs\/index.php?rest_route=\/wp\/v2\/users\/1"}],"replies":[{"embeddable":true,"href":"http:\/\/lekcije.mfp.co.rs\/index.php?rest_route=%2Fwp%2Fv2%2Fcomments&post=107"}],"version-history":[{"count":4,"href":"http:\/\/lekcije.mfp.co.rs\/index.php?rest_route=\/wp\/v2\/pages\/107\/revisions"}],"predecessor-version":[{"id":316,"href":"http:\/\/lekcije.mfp.co.rs\/index.php?rest_route=\/wp\/v2\/pages\/107\/revisions\/316"}],"up":[{"embeddable":true,"href":"http:\/\/lekcije.mfp.co.rs\/index.php?rest_route=\/wp\/v2\/pages\/92"}],"wp:attachment":[{"href":"http:\/\/lekcije.mfp.co.rs\/index.php?rest_route=%2Fwp%2Fv2%2Fmedia&parent=107"}],"curies":[{"name":"wp","href":"https:\/\/api.w.org\/{rel}","templated":true}]}}